{"id":3794,"date":"2025-03-20T16:36:55","date_gmt":"2025-03-20T15:36:55","guid":{"rendered":"https:\/\/labmasdeu.com\/?page_id=3794"},"modified":"2025-03-20T16:36:57","modified_gmt":"2025-03-20T15:36:57","slug":"politica-de-qualitat","status":"publish","type":"page","link":"https:\/\/labmasdeu.com\/en\/politica-de-qualitat\/","title":{"rendered":"Pol\u00edtica de Qualitat"},"content":{"rendered":"<div data-elementor-type=\"wp-page\" data-elementor-id=\"3794\" class=\"elementor elementor-3794\" data-elementor-post-type=\"page\">\n\t\t\t\t<div class=\"elementor-element elementor-element-5ba9857d box_elementor e-flex e-con-boxed e-con e-parent\" data-id=\"5ba9857d\" data-element_type=\"container\">\n\t\t\t\t\t<div class=\"e-con-inner\">\n\t\t\t\t<div class=\"elementor-element elementor-element-378d589 elementor-widget elementor-widget-text-editor\" data-id=\"378d589\" data-element_type=\"widget\" data-widget_type=\"text-editor.default\">\n\t\t\t\t<div class=\"elementor-widget-container\">\n\t\t\t\t\t\t\t<div class=\"col-6 col-s6\"><p>\u00a0<\/p><section class=\"section_simple_01\"><p><strong>MISI\u00d3N<\/strong><\/p><p>Realizar an\u00e1lisis cl\u00ednicos de gran calidad, por petici\u00f3n de un m\u00e9dico de cabecera o especialista, a nivel de pacientes privados o, principalmente, de pacientes que se encuentran asegurados por alguna EAL (Entidad de Asistencia Libre), cumpliendo siempre con las normas legales y reglamentarias as\u00ed como las especificaciones definidas para satisfacer las necesidades y expectativas, expl\u00edcitas e impl\u00edcitas de nuestros clientes.<\/p><p>\u00a0<\/p><p><strong>VISI\u00d3N<\/strong><\/p><p>Ser un laboratorio de an\u00e1lisis cl\u00ednicos de referencia en la demarcaci\u00f3n de Barcelona.<\/p><p>\u00a0<\/p><p><strong>VALORES<\/strong><\/p><ul><li>CALIDAD. Producir con m\u00e9todos eficientes, disminuyendo la posibilidad de error en el proceso, minimizando las no-calidades y los casos de repeticiones de an\u00e1lisis.<\/li><li>SERVICIO. Prestar un servicio que cumple con los plazos de entrega.<\/li><li>ATENCI\u00d3N AL PACIENTE. Ofrecer una buena acogida al paciente que realiza las extracciones en nuestro laboratorio con una atenci\u00f3n personalizada por parte de nuestro personal.<\/li><li>MEJORA CONTINUA. Potenciar la mejora continua en nuestros procesos, como herramienta necesaria para satisfacer a nuestros clientes.<\/li><li>INVOLUCRACI\u00d3N. El paciente es lo primero y para obtener su satisfacci\u00f3n se requiere el compromiso y participaci\u00f3n de todo el equipo directivo, as\u00ed como de todo el personal del Laboratorio.<\/li><li>CALIFICACI\u00d3N DEL PERSONAL. Dar formaci\u00f3n constante y adecuada a todo el personal para mantener la elevada competitividad del equipo humano de nuestro laboratorio.<\/li><li>INVERSI\u00d3N EN TECNOLOG\u00cdA. Mejorar e innovar constantemente la tecnolog\u00eda actual para la aplicaci\u00f3n de nuevas t\u00e9cnicas de anal\u00edticas.<\/li><li>CONFIDENCIALIDAD. Compromiso de tratar y guardar de forma confidencial los datos de nuestros clientes para evitar la alteraci\u00f3n, p\u00e9rdida o acceso de terceros.<\/li><li>IMPARCIALIDAD. Compromiso de transparencia en nuestras relaciones con las partes interesadas y de independencia de las acciones propias realizadas por el laboratorio.<\/li><\/ul><p>Barcelona, 14 de Noviembre de 2023<br \/>La Direcci\u00f3n de LABORATORI MASDEU.<\/p><\/section><p>\u00a0<\/p><\/div>\t\t\t\t\t\t<\/div>\n\t\t\t\t<\/div>\n\t\t\t\t\t<\/div>\n\t\t\t\t<\/div>\n\t\t<div class=\"elementor-element elementor-element-05deaf7 e-con-full e-flex e-con e-parent\" data-id=\"05deaf7\" data-element_type=\"container\">\n\t\t\t\t<div class=\"elementor-element elementor-element-fe82a3c elementor-widget elementor-widget-shortcode\" data-id=\"fe82a3c\" data-element_type=\"widget\" data-widget_type=\"shortcode.default\">\n\t\t\t\t<div class=\"elementor-widget-container\">\n\t\t\t\t\t<div class=\"elementor-shortcode\"><\/div>\n\t\t\t\t<\/div>\n\t\t\t\t<\/div>\n\t\t\t\t<\/div>\n\t\t\t\t<\/div>","protected":false},"excerpt":{"rendered":"","protected":false},"author":1,"featured_media":0,"parent":0,"menu_order":0,"comment_status":"closed","ping_status":"closed","template":"full-width.php","meta":{"footnotes":""},"class_list":["post-3794","page","type-page","status-publish","hentry"],"_links":{"self":[{"href":"https:\/\/labmasdeu.com\/en\/wp-json\/wp\/v2\/pages\/3794","targetHints":{"allow":["GET"]}}],"collection":[{"href":"https:\/\/labmasdeu.com\/en\/wp-json\/wp\/v2\/pages"}],"about":[{"href":"https:\/\/labmasdeu.com\/en\/wp-json\/wp\/v2\/types\/page"}],"author":[{"embeddable":true,"href":"https:\/\/labmasdeu.com\/en\/wp-json\/wp\/v2\/users\/1"}],"replies":[{"embeddable":true,"href":"https:\/\/labmasdeu.com\/en\/wp-json\/wp\/v2\/comments?post=3794"}],"version-history":[{"count":1,"href":"https:\/\/labmasdeu.com\/en\/wp-json\/wp\/v2\/pages\/3794\/revisions"}],"predecessor-version":[{"id":3795,"href":"https:\/\/labmasdeu.com\/en\/wp-json\/wp\/v2\/pages\/3794\/revisions\/3795"}],"wp:attachment":[{"href":"https:\/\/labmasdeu.com\/en\/wp-json\/wp\/v2\/media?parent=3794"}],"curies":[{"name":"wp","href":"https:\/\/api.w.org\/{rel}","templated":true}]}}