{"id":3556,"date":"2024-11-26T19:27:10","date_gmt":"2024-11-26T18:27:10","guid":{"rendered":"https:\/\/labmasdeu.com\/?page_id=3556"},"modified":"2025-12-17T12:37:31","modified_gmt":"2025-12-17T11:37:31","slug":"test-prenatal-no-invasiu","status":"publish","type":"page","link":"https:\/\/labmasdeu.com\/en\/proves-especials-i-tests-genetics\/test-prenatal-no-invasiu\/","title":{"rendered":"Test prenatal no invasiu"},"content":{"rendered":"<div data-elementor-type=\"wp-page\" data-elementor-id=\"3556\" class=\"elementor elementor-3556\" data-elementor-post-type=\"page\">\n\t\t\t\t<div class=\"elementor-element elementor-element-c86e708 e-flex e-con-boxed e-con e-parent\" data-id=\"c86e708\" data-element_type=\"container\">\n\t\t\t\t\t<div class=\"e-con-inner\">\n\t\t<div class=\"elementor-element elementor-element-37f9b64 e-con-full e-flex e-con e-child\" data-id=\"37f9b64\" data-element_type=\"container\">\n\t\t\t\t<div class=\"elementor-element elementor-element-e511e63 elementor-widget elementor-widget-image\" data-id=\"e511e63\" data-element_type=\"widget\" data-widget_type=\"image.default\">\n\t\t\t\t<div class=\"elementor-widget-container\">\n\t\t\t\t\t\t\t\t\t\t\t\t\t<img fetchpriority=\"high\" decoding=\"async\" width=\"2560\" height=\"1809\" src=\"https:\/\/labmasdeu.com\/wp-content\/uploads\/2024\/11\/shutterstock_2529613653-scaled.jpg\" class=\"attachment-full size-full wp-image-3353\" alt=\"\" srcset=\"https:\/\/labmasdeu.com\/wp-content\/uploads\/2024\/11\/shutterstock_2529613653-scaled.jpg 2560w, https:\/\/labmasdeu.com\/wp-content\/uploads\/2024\/11\/shutterstock_2529613653-300x212.jpg 300w, https:\/\/labmasdeu.com\/wp-content\/uploads\/2024\/11\/shutterstock_2529613653-1024x724.jpg 1024w, https:\/\/labmasdeu.com\/wp-content\/uploads\/2024\/11\/shutterstock_2529613653-768x543.jpg 768w, https:\/\/labmasdeu.com\/wp-content\/uploads\/2024\/11\/shutterstock_2529613653-1536x1085.jpg 1536w\" sizes=\"(max-width: 2560px) 100vw, 2560px\" \/>\t\t\t\t\t\t\t\t\t\t\t\t\t<\/div>\n\t\t\t\t<\/div>\n\t\t\t\t<div class=\"elementor-element elementor-element-ded6b66 elementor-widget elementor-widget-image\" data-id=\"ded6b66\" data-element_type=\"widget\" data-widget_type=\"image.default\">\n\t\t\t\t<div class=\"elementor-widget-container\">\n\t\t\t\t\t\t\t\t\t\t\t\t\t<img decoding=\"async\" width=\"2560\" height=\"1707\" src=\"https:\/\/labmasdeu.com\/wp-content\/uploads\/2024\/11\/shutterstock_2250489249-scaled.jpg\" class=\"attachment-full size-full wp-image-3352\" alt=\"\" srcset=\"https:\/\/labmasdeu.com\/wp-content\/uploads\/2024\/11\/shutterstock_2250489249-scaled.jpg 2560w, https:\/\/labmasdeu.com\/wp-content\/uploads\/2024\/11\/shutterstock_2250489249-300x200.jpg 300w, https:\/\/labmasdeu.com\/wp-content\/uploads\/2024\/11\/shutterstock_2250489249-1024x683.jpg 1024w, https:\/\/labmasdeu.com\/wp-content\/uploads\/2024\/11\/shutterstock_2250489249-768x512.jpg 768w, https:\/\/labmasdeu.com\/wp-content\/uploads\/2024\/11\/shutterstock_2250489249-1536x1024.jpg 1536w\" sizes=\"(max-width: 2560px) 100vw, 2560px\" \/>\t\t\t\t\t\t\t\t\t\t\t\t\t<\/div>\n\t\t\t\t<\/div>\n\t\t\t\t<\/div>\n\t\t<div class=\"elementor-element elementor-element-c2f9d96 e-con-full e-flex e-con e-child\" data-id=\"c2f9d96\" data-element_type=\"container\">\n\t\t\t\t<div class=\"elementor-element elementor-element-d74ad4e elementor-widget elementor-widget-heading\" data-id=\"d74ad4e\" data-element_type=\"widget\" data-widget_type=\"heading.default\">\n\t\t\t\t<div class=\"elementor-widget-container\">\n\t\t\t<div class=\"elementor-heading-title elementor-size-default\">CONEIX LA SALUT DEL TEU BEB\u00c8 DES DE LES PRIMERES SETMANES DE GESTACI\u00d3.<\/div>\t\t<\/div>\n\t\t\t\t<\/div>\n\t\t\t\t<div class=\"elementor-element elementor-element-67b972a elementor-widget elementor-widget-text-editor\" data-id=\"67b972a\" data-element_type=\"widget\" data-widget_type=\"text-editor.default\">\n\t\t\t\t<div class=\"elementor-widget-container\">\n\t\t\t\t\t\t\t<p>La tranquil\u00b7litat que necessites per al teu embar\u00e0s.<\/p><p>Conegui amb alta fiabilitat el risc del fetus de patir s\u00edndromes cromos\u00f2miques, s\u00edndromes relacionades amb microdeleccions i malalties monog\u00e8niques dominants mitjan\u00e7ant un test fet en sang materna.<\/p><p>El test gen\u00e8tic prenatal en sang materna permet la detecci\u00f3 d\u2019alteracions cromos\u00f2miques i gen\u00e8tiques amb una fiabilitat superior al 99% per al diagn\u00f2stic de la Sd. De Down, la Sd. D\u2019Edwards i la Sd. De Patau mitjan\u00e7ant seq\u00fcenciaci\u00f3 massiva d\u2019\u00faltima generaci\u00f3 i algoritmes diagn\u00f2stics internacionalment aprovats.<\/p><p>El test pot oferir informaci\u00f3 addicional d\u2019alteracions en el nombre o l\u2019estructura de tots els cromosomes, inclosos els cromosomes sexuals.<\/p><p>Tanmateix, s\u2019ofereix la possibilitat de detectar fins a 38 s\u00edndromes de microdelecci\u00f3 amb una resoluci\u00f3 de 5 MB i la cerca de variants patog\u00e8niques i probablement patog\u00e8niques associades a malalties monog\u00e8niques dominants (no apte per ovodonacions)* **.<\/p><p>Quins requisits ha de complir la pacient per poder treure informaci\u00f3 vera\u00e7 d\u2019aquest test?<\/p><p>&#8211; Haver complert com a m\u00ednim la setmana 10 de gestaci\u00f3 confirmada.**<\/p><p>&#8211; Embar\u00e0s \u00fanic.<\/p><p>&#8211; No complir criteris que aconsellin un diagn\u00f2stic per prova invasiva com a primera elecci\u00f3.<\/p><p>Data de lliurament entre 5 i 7 dies laborals, depenent de la quantitat de marcadors analitzats.<\/p>\t\t\t\t\t\t<\/div>\n\t\t\t\t<\/div>\n\t\t\t\t<div class=\"elementor-element elementor-element-c03f664 elementor-align-center elementor-widget elementor-widget-button\" data-id=\"c03f664\" data-element_type=\"widget\" data-widget_type=\"button.default\">\n\t\t\t\t<div class=\"elementor-widget-container\">\n\t\t\t\t\t\t\t<div class=\"elementor-button-wrapper\">\n\t\t\t\t\t<a class=\"elementor-button elementor-button-link elementor-size-sm\" href=\"https:\/\/controlsalut.com\/marca\/myprenatal\/\" target=\"_blank\">\n\t\t\t\t\t\t<span class=\"elementor-button-content-wrapper\">\n\t\t\t\t\t\t\t\t\t<span class=\"elementor-button-text\">Comprar<\/span>\n\t\t\t\t\t<\/span>\n\t\t\t\t\t<\/a>\n\t\t\t\t<\/div>\n\t\t\t\t\t\t<\/div>\n\t\t\t\t<\/div>\n\t\t\t\t<\/div>\n\t\t\t\t\t<\/div>\n\t\t\t\t<\/div>\n\t\t<div class=\"elementor-element elementor-element-eddbdb7 box_elementor elementor-hidden-desktop elementor-hidden-tablet elementor-hidden-mobile e-flex e-con-boxed e-con e-parent\" data-id=\"eddbdb7\" data-element_type=\"container\">\n\t\t\t\t\t<div class=\"e-con-inner\">\n\t\t<a class=\"elementor-element elementor-element-3a9c4b1 e-con-full e-flex e-con e-child\" data-id=\"3a9c4b1\" data-element_type=\"container\" href=\"#\">\n\t\t\t\t<\/a>\n\t\t\t\t\t<\/div>\n\t\t\t\t<\/div>\n\t\t<div class=\"elementor-element elementor-element-423b96b box_elementor elementor-hidden-desktop elementor-hidden-tablet elementor-hidden-mobile e-flex e-con-boxed e-con e-parent\" data-id=\"423b96b\" data-element_type=\"container\">\n\t\t\t\t\t<div class=\"e-con-inner\">\n\t\t<a class=\"elementor-element elementor-element-f7119d9 e-con-full e-flex e-con e-child\" data-id=\"f7119d9\" data-element_type=\"container\" href=\"#\">\n\t\t\t\t<div class=\"elementor-element elementor-element-021b8be elementor-widget elementor-widget-image\" data-id=\"021b8be\" data-element_type=\"widget\" data-widget_type=\"image.default\">\n\t\t\t\t<div class=\"elementor-widget-container\">\n\t\t\t\t\t\t\t\t\t\t\t\t\t<img decoding=\"async\" width=\"400\" height=\"267\" src=\"https:\/\/labmasdeu.com\/wp-content\/uploads\/2024\/10\/test_prenatal_r400.jpg\" class=\"attachment-full size-full wp-image-2979\" alt=\"\" srcset=\"https:\/\/labmasdeu.com\/wp-content\/uploads\/2024\/10\/test_prenatal_r400.jpg 400w, https:\/\/labmasdeu.com\/wp-content\/uploads\/2024\/10\/test_prenatal_r400-300x200.jpg 300w\" sizes=\"(max-width: 400px) 100vw, 400px\" \/>\t\t\t\t\t\t\t\t\t\t\t\t\t<\/div>\n\t\t\t\t<\/div>\n\t\t\t\t<div class=\"elementor-element elementor-element-da24151 elementor-widget elementor-widget-heading\" data-id=\"da24151\" data-element_type=\"widget\" data-widget_type=\"heading.default\">\n\t\t\t\t<div class=\"elementor-widget-container\">\n\t\t\t<div class=\"elementor-heading-title elementor-size-default\">CONOCE LA SALUD DE TU BEB\u00c9 DESDE LAS PRIMERAS SEMANAS DE GESTACI\u00d3N.<\/div>\t\t<\/div>\n\t\t\t\t<\/div>\n\t\t\t\t<div class=\"elementor-element elementor-element-41a9e4f elementor-widget elementor-widget-text-editor\" data-id=\"41a9e4f\" data-element_type=\"widget\" data-widget_type=\"text-editor.default\">\n\t\t\t\t<div class=\"elementor-widget-container\">\n\t\t\t\t\t\t\t<p>La tranquilidad que necesitas para tu embarazo.<\/p><p>Conozca con alta fiabilidad el riesgo del feto a sufrir s\u00edndromes cromos\u00f3micos, s\u00edndromes relacionados con microdeleciones y enfermedades monog\u00e9nicas dominantes mediante una prueba hecha en sangre materna.<\/p><p>La prueba gen\u00e9tica prenatal en sangre materna permite la detecci\u00f3n de alteraciones cromos\u00f3micas y gen\u00e9ticas con una fiabilidad superior al 99% para el diagn\u00f3stico de la Sd. De Down, la Sd. De Edwards y la Sd. De Patau mediante secuenciaci\u00f3n masiva de \u00faltima generaci\u00f3n y algoritmos diagn\u00f3sticos internacionalmente aprobados.<\/p><p>El test puede ofrecer informaci\u00f3n adicional de alteraciones en el n\u00famero o la estructura de todos los cromosomas, incluidos los cromosomas sexuales.<\/p><p>Aun as\u00ed, se ofrece la posibilidad de detectar hasta 38 s\u00edndromes de microdeleci\u00f3n con una resoluci\u00f3n de 5 MB y la b\u00fasqueda de variantes patog\u00e9nicas y probablemente asociadas a enfermedades monog\u00e9nicas dominantes (no apto por ovodonaciones)* **.<\/p><p>\u00bfQu\u00e9 requisitos tiene que cumplir la paciente para poder extraer informaci\u00f3n veraz de este test?<\/p><p>&#8211; Haber cumplido como m\u00ednimo la semana 10 de gestaci\u00f3n confirmada**.<\/p><p>&#8211; Embarazo \u00fanico.<\/p><p>&#8211; No cumplir criterios que aconsejen un diagn\u00f3stico por prueba invasiva como primera elecci\u00f3n.<\/p><p>Fecha de entrega entre 5 y 15 d\u00edas laborales, dependiendo de la cantidad de marcadores analizados.<\/p><p>*Para m\u00e1s informaci\u00f3n solicitar documentaci\u00f3n en el laboratorio.<\/p><p>**Har\u00e1n falta 12 semanas como m\u00ednimo para la determinaci\u00f3n de las 2038 variantes patog\u00e9nicas.<\/p>\t\t\t\t\t\t<\/div>\n\t\t\t\t<\/div>\n\t\t\t\t<\/a>\n\t\t\t\t\t<\/div>\n\t\t\t\t<\/div>\n\t\t<div class=\"elementor-element elementor-element-837d9ea e-con-full e-flex e-con e-parent\" data-id=\"837d9ea\" data-element_type=\"container\">\n\t\t\t\t<div class=\"elementor-element elementor-element-97077ca elementor-widget elementor-widget-shortcode\" data-id=\"97077ca\" data-element_type=\"widget\" data-widget_type=\"shortcode.default\">\n\t\t\t\t<div class=\"elementor-widget-container\">\n\t\t\t\t\t<div class=\"elementor-shortcode\"><\/div>\n\t\t\t\t<\/div>\n\t\t\t\t<\/div>\n\t\t\t\t<\/div>\n\t\t\t\t<\/div>","protected":false},"excerpt":{"rendered":"<p>CONEIX LA SALUT DEL TEU BEB\u00c8 DES DE LES PRIMERES SETMANES DE GESTACI\u00d3. La tranquil\u00b7litat que necessites per al teu embar\u00e0s. Conegui amb alta fiabilitat el risc del fetus de patir s\u00edndromes cromos\u00f2miques, s\u00edndromes relacionades amb microdeleccions i malalties monog\u00e8niques [&hellip;]<\/p>","protected":false},"author":1,"featured_media":0,"parent":3517,"menu_order":0,"comment_status":"closed","ping_status":"closed","template":"full-width.php","meta":{"footnotes":""},"class_list":["post-3556","page","type-page","status-publish","hentry"],"_links":{"self":[{"href":"https:\/\/labmasdeu.com\/en\/wp-json\/wp\/v2\/pages\/3556","targetHints":{"allow":["GET"]}}],"collection":[{"href":"https:\/\/labmasdeu.com\/en\/wp-json\/wp\/v2\/pages"}],"about":[{"href":"https:\/\/labmasdeu.com\/en\/wp-json\/wp\/v2\/types\/page"}],"author":[{"embeddable":true,"href":"https:\/\/labmasdeu.com\/en\/wp-json\/wp\/v2\/users\/1"}],"replies":[{"embeddable":true,"href":"https:\/\/labmasdeu.com\/en\/wp-json\/wp\/v2\/comments?post=3556"}],"version-history":[{"count":7,"href":"https:\/\/labmasdeu.com\/en\/wp-json\/wp\/v2\/pages\/3556\/revisions"}],"predecessor-version":[{"id":3988,"href":"https:\/\/labmasdeu.com\/en\/wp-json\/wp\/v2\/pages\/3556\/revisions\/3988"}],"up":[{"embeddable":true,"href":"https:\/\/labmasdeu.com\/en\/wp-json\/wp\/v2\/pages\/3517"}],"wp:attachment":[{"href":"https:\/\/labmasdeu.com\/en\/wp-json\/wp\/v2\/media?parent=3556"}],"curies":[{"name":"wp","href":"https:\/\/api.w.org\/{rel}","templated":true}]}}