{"id":3551,"date":"2024-11-26T19:25:52","date_gmt":"2024-11-26T18:25:52","guid":{"rendered":"https:\/\/labmasdeu.com\/?page_id=3551"},"modified":"2025-12-17T12:35:04","modified_gmt":"2025-12-17T11:35:04","slug":"test-intolerancia-alimentaria","status":"publish","type":"page","link":"https:\/\/labmasdeu.com\/en\/proves-especials-i-tests-genetics\/test-intolerancia-alimentaria\/","title":{"rendered":"Test intoler\u00e0ncia aliment\u00e0ria"},"content":{"rendered":"<div data-elementor-type=\"wp-page\" data-elementor-id=\"3551\" class=\"elementor elementor-3551\" data-elementor-post-type=\"page\">\n\t\t\t\t<div class=\"elementor-element elementor-element-97d4d0d e-flex e-con-boxed e-con e-parent\" data-id=\"97d4d0d\" data-element_type=\"container\">\n\t\t\t\t\t<div class=\"e-con-inner\">\n\t\t<div class=\"elementor-element elementor-element-7ae04ad e-con-full e-flex e-con e-child\" data-id=\"7ae04ad\" data-element_type=\"container\">\n\t\t\t\t<div class=\"elementor-element elementor-element-08c5fdc elementor-widget elementor-widget-image\" data-id=\"08c5fdc\" data-element_type=\"widget\" data-widget_type=\"image.default\">\n\t\t\t\t<div class=\"elementor-widget-container\">\n\t\t\t\t\t\t\t\t\t\t\t\t\t<img fetchpriority=\"high\" decoding=\"async\" width=\"2560\" height=\"1679\" src=\"https:\/\/labmasdeu.com\/wp-content\/uploads\/2024\/11\/shutterstock_1747665719-scaled.jpg\" class=\"attachment-full size-full wp-image-3348\" alt=\"\" srcset=\"https:\/\/labmasdeu.com\/wp-content\/uploads\/2024\/11\/shutterstock_1747665719-scaled.jpg 2560w, https:\/\/labmasdeu.com\/wp-content\/uploads\/2024\/11\/shutterstock_1747665719-300x197.jpg 300w, https:\/\/labmasdeu.com\/wp-content\/uploads\/2024\/11\/shutterstock_1747665719-1024x672.jpg 1024w, https:\/\/labmasdeu.com\/wp-content\/uploads\/2024\/11\/shutterstock_1747665719-768x504.jpg 768w, https:\/\/labmasdeu.com\/wp-content\/uploads\/2024\/11\/shutterstock_1747665719-1536x1008.jpg 1536w\" sizes=\"(max-width: 2560px) 100vw, 2560px\" \/>\t\t\t\t\t\t\t\t\t\t\t\t\t<\/div>\n\t\t\t\t<\/div>\n\t\t\t\t<div class=\"elementor-element elementor-element-4fcad12 elementor-widget elementor-widget-image\" data-id=\"4fcad12\" data-element_type=\"widget\" data-widget_type=\"image.default\">\n\t\t\t\t<div class=\"elementor-widget-container\">\n\t\t\t\t\t\t\t\t\t\t\t\t\t<img decoding=\"async\" width=\"2560\" height=\"1707\" src=\"https:\/\/labmasdeu.com\/wp-content\/uploads\/2024\/11\/shutterstock_1503785804-scaled.jpg\" class=\"attachment-full size-full wp-image-3347\" alt=\"\" srcset=\"https:\/\/labmasdeu.com\/wp-content\/uploads\/2024\/11\/shutterstock_1503785804-scaled.jpg 2560w, https:\/\/labmasdeu.com\/wp-content\/uploads\/2024\/11\/shutterstock_1503785804-300x200.jpg 300w, https:\/\/labmasdeu.com\/wp-content\/uploads\/2024\/11\/shutterstock_1503785804-1024x683.jpg 1024w, https:\/\/labmasdeu.com\/wp-content\/uploads\/2024\/11\/shutterstock_1503785804-768x512.jpg 768w, https:\/\/labmasdeu.com\/wp-content\/uploads\/2024\/11\/shutterstock_1503785804-1536x1024.jpg 1536w\" sizes=\"(max-width: 2560px) 100vw, 2560px\" \/>\t\t\t\t\t\t\t\t\t\t\t\t\t<\/div>\n\t\t\t\t<\/div>\n\t\t\t\t<\/div>\n\t\t<div class=\"elementor-element elementor-element-9475667 e-con-full e-flex e-con e-child\" data-id=\"9475667\" data-element_type=\"container\">\n\t\t\t\t<div class=\"elementor-element elementor-element-6890a4a elementor-widget elementor-widget-heading\" data-id=\"6890a4a\" data-element_type=\"widget\" data-widget_type=\"heading.default\">\n\t\t\t\t<div class=\"elementor-widget-container\">\n\t\t\t<div class=\"elementor-heading-title elementor-size-default\">HAVENT DINAT NO SEMPRE ET SENTS B\u00c9 I HAS EXPERIMENTAT ALGUNS DELS SEG\u00dcENTS SIGNES I S\u00cdMPTOMES?<\/div>\t\t<\/div>\n\t\t\t\t<\/div>\n\t\t\t\t<div class=\"elementor-element elementor-element-b7d3da5 elementor-widget elementor-widget-text-editor\" data-id=\"b7d3da5\" data-element_type=\"widget\" data-widget_type=\"text-editor.default\">\n\t\t\t\t<div class=\"elementor-widget-container\">\n\t\t\t\t\t\t\t<p>&#8211; Digestions pesades.<\/p><p>&#8211; Cansament cr\u00f2nic.<\/p><p>&#8211; Panxa inflada.<\/p><p>&#8211; Confusi\u00f3.<\/p><p>&#8211; Urtic\u00e0ria.<\/p><p>&#8211; Mal de cap freq\u00fcent.<\/p><p>&#8211; Ansietat.<\/p><p>&#8211; Dificultat per perdre pes.<\/p><p>&#8211; Diarrea&#8230;<\/p><p>\u00c9s probable que pateixi alguna intoler\u00e0ncia aliment\u00e0ria.<\/p><p>Les intoler\u00e0ncies aliment\u00e0ries provoquen incapacitat per digerir de forma correcta alguns aliments. Aquests aliments mal digerits, mitjan\u00e7ant diferents mecanismes, s\u00f3n els responsables dels s\u00edmptomes abans descrits.<\/p><p>Aquest test utilitza una nova tecnologia d\u2019elevada sensibilitat que, amb una sola gota de sang, detecta la pres\u00e8ncia dels anticossos generats pels aliments als quals s\u2019\u00e9s intolerant. Aix\u00ed, amb el resultat a la m\u00e0, podr\u00e0 eliminar-los de la seva dieta, millorant les seves digestions, fent desapar\u00e8ixer les mol\u00e8sties derivades i millorant la seva salut.<\/p><p>El test es pot fer a qualsevol moment (no cal dej\u00fa), \u00e9s apte per a nens i analitza els 120 aliments i els 15 additius m\u00e9s freq\u00fcents a la nostra dieta.<\/p><p>Resolgui els seus dubtes sobre quins aliments de la dieta di\u00e0ria s\u00f3n perjudicials amb una alta fiabilitat.<\/p>\t\t\t\t\t\t<\/div>\n\t\t\t\t<\/div>\n\t\t\t\t<div class=\"elementor-element elementor-element-6dd004e elementor-align-center elementor-widget elementor-widget-button\" data-id=\"6dd004e\" data-element_type=\"widget\" data-widget_type=\"button.default\">\n\t\t\t\t<div class=\"elementor-widget-container\">\n\t\t\t\t\t\t\t<div class=\"elementor-button-wrapper\">\n\t\t\t\t\t<a class=\"elementor-button elementor-button-link elementor-size-sm\" href=\"https:\/\/controlsalut.com\/tienda\/nutricion\/\" target=\"_blank\">\n\t\t\t\t\t\t<span class=\"elementor-button-content-wrapper\">\n\t\t\t\t\t\t\t\t\t<span class=\"elementor-button-text\">Comprar<\/span>\n\t\t\t\t\t<\/span>\n\t\t\t\t\t<\/a>\n\t\t\t\t<\/div>\n\t\t\t\t\t\t<\/div>\n\t\t\t\t<\/div>\n\t\t\t\t<\/div>\n\t\t\t\t\t<\/div>\n\t\t\t\t<\/div>\n\t\t<div class=\"elementor-element elementor-element-eddbdb7 box_elementor elementor-hidden-desktop elementor-hidden-tablet elementor-hidden-mobile e-flex e-con-boxed e-con e-parent\" data-id=\"eddbdb7\" data-element_type=\"container\">\n\t\t\t\t\t<div class=\"e-con-inner\">\n\t\t<a class=\"elementor-element elementor-element-3a9c4b1 e-con-full e-flex e-con e-child\" data-id=\"3a9c4b1\" data-element_type=\"container\" href=\"#\">\n\t\t\t\t<\/a>\n\t\t\t\t\t<\/div>\n\t\t\t\t<\/div>\n\t\t<div class=\"elementor-element elementor-element-423b96b box_elementor elementor-hidden-desktop elementor-hidden-tablet elementor-hidden-mobile e-flex e-con-boxed e-con e-parent\" data-id=\"423b96b\" data-element_type=\"container\">\n\t\t\t\t\t<div class=\"e-con-inner\">\n\t\t<a class=\"elementor-element elementor-element-f7119d9 e-con-full e-flex e-con e-child\" data-id=\"f7119d9\" data-element_type=\"container\" href=\"#\">\n\t\t\t\t<div class=\"elementor-element elementor-element-021b8be elementor-widget elementor-widget-image\" data-id=\"021b8be\" data-element_type=\"widget\" data-widget_type=\"image.default\">\n\t\t\t\t<div class=\"elementor-widget-container\">\n\t\t\t\t\t\t\t\t\t\t\t\t\t<img decoding=\"async\" width=\"400\" height=\"267\" src=\"https:\/\/labmasdeu.com\/wp-content\/uploads\/2024\/10\/test_intolerancia_r400.jpg\" class=\"attachment-full size-full wp-image-2970\" alt=\"\" srcset=\"https:\/\/labmasdeu.com\/wp-content\/uploads\/2024\/10\/test_intolerancia_r400.jpg 400w, https:\/\/labmasdeu.com\/wp-content\/uploads\/2024\/10\/test_intolerancia_r400-300x200.jpg 300w\" sizes=\"(max-width: 400px) 100vw, 400px\" \/>\t\t\t\t\t\t\t\t\t\t\t\t\t<\/div>\n\t\t\t\t<\/div>\n\t\t\t\t<div class=\"elementor-element elementor-element-da24151 elementor-widget elementor-widget-heading\" data-id=\"da24151\" data-element_type=\"widget\" data-widget_type=\"heading.default\">\n\t\t\t\t<div class=\"elementor-widget-container\">\n\t\t\t<div class=\"elementor-heading-title elementor-size-default\">\u00bfDESPU\u00c9S DE COMER NO SIEMPRE TE SIENTES BIEN Y HAS EXPERIMENTADO ALGUNOS DE LOS SIGUIENTES SIGNOS Y S\u00cdNTOMAS?<\/div>\t\t<\/div>\n\t\t\t\t<\/div>\n\t\t\t\t<div class=\"elementor-element elementor-element-41a9e4f elementor-widget elementor-widget-text-editor\" data-id=\"41a9e4f\" data-element_type=\"widget\" data-widget_type=\"text-editor.default\">\n\t\t\t\t<div class=\"elementor-widget-container\">\n\t\t\t\t\t\t\t<p>&#8211; Digestiones pesadas.<\/p><p>&#8211; Cansancio cr\u00f3nico.<\/p><p>&#8211; Barriga hinchada.<\/p><p>&#8211; Confusi\u00f3n.<\/p><p>&#8211; Urticaria.<\/p><p>&#8211; Dolor de cabeza frecuente.<\/p><p>&#8211; Ansiedad.<\/p><p>&#8211; Dificultad para perder peso.<\/p><p>&#8211; Diarrea&#8230;<\/p><p>Es probable que sufra alguna intolerancia alimentaria.<\/p><p>Las intolerancias alimentarias provocan incapacidad para digerir de forma correcta algunos alimentos. Estos alimentos mal digeridos, mediante diferentes mecanismos, son los responsables de los s\u00edntomas antes descritos.<\/p><p>Esta prueba utiliza una nueva tecnolog\u00eda de sensibilidad elevada que, con una sola gota de sangre, detecta la presencia de los anticuerpos generados por los alimentos a los cuales se es intolerante. As\u00ed, con el resultado en la mano, podr\u00e1 eliminarlos de su dieta, mejorando sus digestiones, haciendo desaparecer las molestias derivadas y mejorando su salud.<\/p><p>El test se puede realizar en cualquier momento (no hace falta ayuno), es apto para ni\u00f1os, y analiza los 120 alimentos y los 15 aditivos m\u00e1s frecuentes a nuestra dieta.<\/p><p>Resuelva sus dudas sobre qu\u00e9 alimentos de su dieta diaria son perjudiciales con una alta fiabilidad.<\/p>\t\t\t\t\t\t<\/div>\n\t\t\t\t<\/div>\n\t\t\t\t<\/a>\n\t\t\t\t\t<\/div>\n\t\t\t\t<\/div>\n\t\t<div class=\"elementor-element elementor-element-837d9ea e-con-full e-flex e-con e-parent\" data-id=\"837d9ea\" data-element_type=\"container\">\n\t\t\t\t<div class=\"elementor-element elementor-element-97077ca elementor-widget elementor-widget-shortcode\" data-id=\"97077ca\" data-element_type=\"widget\" data-widget_type=\"shortcode.default\">\n\t\t\t\t<div class=\"elementor-widget-container\">\n\t\t\t\t\t<div class=\"elementor-shortcode\"><\/div>\n\t\t\t\t<\/div>\n\t\t\t\t<\/div>\n\t\t\t\t<\/div>\n\t\t\t\t<\/div>","protected":false},"excerpt":{"rendered":"<p>HAVENT DINAT NO SEMPRE ET SENTS B\u00c9 I HAS EXPERIMENTAT ALGUNS DELS SEG\u00dcENTS SIGNES I S\u00cdMPTOMES? &#8211; Digestions pesades. &#8211; Cansament cr\u00f2nic. &#8211; Panxa inflada. &#8211; Confusi\u00f3. &#8211; Urtic\u00e0ria. &#8211; Mal de cap freq\u00fcent. &#8211; Ansietat. &#8211; Dificultat per perdre [&hellip;]<\/p>","protected":false},"author":1,"featured_media":0,"parent":3517,"menu_order":0,"comment_status":"closed","ping_status":"closed","template":"full-width.php","meta":{"footnotes":""},"class_list":["post-3551","page","type-page","status-publish","hentry"],"_links":{"self":[{"href":"https:\/\/labmasdeu.com\/en\/wp-json\/wp\/v2\/pages\/3551","targetHints":{"allow":["GET"]}}],"collection":[{"href":"https:\/\/labmasdeu.com\/en\/wp-json\/wp\/v2\/pages"}],"about":[{"href":"https:\/\/labmasdeu.com\/en\/wp-json\/wp\/v2\/types\/page"}],"author":[{"embeddable":true,"href":"https:\/\/labmasdeu.com\/en\/wp-json\/wp\/v2\/users\/1"}],"replies":[{"embeddable":true,"href":"https:\/\/labmasdeu.com\/en\/wp-json\/wp\/v2\/comments?post=3551"}],"version-history":[{"count":7,"href":"https:\/\/labmasdeu.com\/en\/wp-json\/wp\/v2\/pages\/3551\/revisions"}],"predecessor-version":[{"id":3981,"href":"https:\/\/labmasdeu.com\/en\/wp-json\/wp\/v2\/pages\/3551\/revisions\/3981"}],"up":[{"embeddable":true,"href":"https:\/\/labmasdeu.com\/en\/wp-json\/wp\/v2\/pages\/3517"}],"wp:attachment":[{"href":"https:\/\/labmasdeu.com\/en\/wp-json\/wp\/v2\/media?parent=3551"}],"curies":[{"name":"wp","href":"https:\/\/api.w.org\/{rel}","templated":true}]}}