{"id":3546,"date":"2024-11-26T19:22:27","date_gmt":"2024-11-26T18:22:27","guid":{"rendered":"https:\/\/labmasdeu.com\/?page_id=3546"},"modified":"2025-12-17T12:32:15","modified_gmt":"2025-12-17T11:32:15","slug":"test-genetic-nutricional","status":"publish","type":"page","link":"https:\/\/labmasdeu.com\/en\/proves-especials-i-tests-genetics\/test-genetic-nutricional\/","title":{"rendered":"Test gen\u00e8tic nutricional"},"content":{"rendered":"<div data-elementor-type=\"wp-page\" data-elementor-id=\"3546\" class=\"elementor elementor-3546\" data-elementor-post-type=\"page\">\n\t\t\t\t<div class=\"elementor-element elementor-element-8ec4455 e-flex e-con-boxed e-con e-parent\" data-id=\"8ec4455\" data-element_type=\"container\">\n\t\t\t\t\t<div class=\"e-con-inner\">\n\t\t<div class=\"elementor-element elementor-element-b35ff51 e-con-full e-flex e-con e-child\" data-id=\"b35ff51\" data-element_type=\"container\">\n\t\t\t\t<div class=\"elementor-element elementor-element-e18ecfb elementor-widget elementor-widget-image\" data-id=\"e18ecfb\" data-element_type=\"widget\" data-widget_type=\"image.default\">\n\t\t\t\t<div class=\"elementor-widget-container\">\n\t\t\t\t\t\t\t\t\t\t\t\t\t<img fetchpriority=\"high\" decoding=\"async\" width=\"2560\" height=\"1708\" src=\"https:\/\/labmasdeu.com\/wp-content\/uploads\/2024\/11\/shutterstock_2470596591-scaled.jpg\" class=\"attachment-full size-full wp-image-3342\" alt=\"\" srcset=\"https:\/\/labmasdeu.com\/wp-content\/uploads\/2024\/11\/shutterstock_2470596591-scaled.jpg 2560w, https:\/\/labmasdeu.com\/wp-content\/uploads\/2024\/11\/shutterstock_2470596591-300x200.jpg 300w, https:\/\/labmasdeu.com\/wp-content\/uploads\/2024\/11\/shutterstock_2470596591-1024x683.jpg 1024w, https:\/\/labmasdeu.com\/wp-content\/uploads\/2024\/11\/shutterstock_2470596591-768x512.jpg 768w, https:\/\/labmasdeu.com\/wp-content\/uploads\/2024\/11\/shutterstock_2470596591-1536x1025.jpg 1536w\" sizes=\"(max-width: 2560px) 100vw, 2560px\" \/>\t\t\t\t\t\t\t\t\t\t\t\t\t<\/div>\n\t\t\t\t<\/div>\n\t\t\t\t<div class=\"elementor-element elementor-element-b6cdb0d elementor-widget elementor-widget-image\" data-id=\"b6cdb0d\" data-element_type=\"widget\" data-widget_type=\"image.default\">\n\t\t\t\t<div class=\"elementor-widget-container\">\n\t\t\t\t\t\t\t\t\t\t\t\t\t<img decoding=\"async\" width=\"2560\" height=\"1707\" src=\"https:\/\/labmasdeu.com\/wp-content\/uploads\/2024\/11\/shutterstock_1389000848-scaled.jpg\" class=\"attachment-full size-full wp-image-3343\" alt=\"\" srcset=\"https:\/\/labmasdeu.com\/wp-content\/uploads\/2024\/11\/shutterstock_1389000848-scaled.jpg 2560w, https:\/\/labmasdeu.com\/wp-content\/uploads\/2024\/11\/shutterstock_1389000848-300x200.jpg 300w, https:\/\/labmasdeu.com\/wp-content\/uploads\/2024\/11\/shutterstock_1389000848-1024x683.jpg 1024w, https:\/\/labmasdeu.com\/wp-content\/uploads\/2024\/11\/shutterstock_1389000848-768x512.jpg 768w, https:\/\/labmasdeu.com\/wp-content\/uploads\/2024\/11\/shutterstock_1389000848-1536x1024.jpg 1536w\" sizes=\"(max-width: 2560px) 100vw, 2560px\" \/>\t\t\t\t\t\t\t\t\t\t\t\t\t<\/div>\n\t\t\t\t<\/div>\n\t\t\t\t<\/div>\n\t\t<div class=\"elementor-element elementor-element-6227b6c e-con-full e-flex e-con e-child\" data-id=\"6227b6c\" data-element_type=\"container\">\n\t\t\t\t<div class=\"elementor-element elementor-element-3218ec1 elementor-widget elementor-widget-heading\" data-id=\"3218ec1\" data-element_type=\"widget\" data-widget_type=\"heading.default\">\n\t\t\t\t<div class=\"elementor-widget-container\">\n\t\t\t<div class=\"elementor-heading-title elementor-size-default\">PER QU\u00c8 HI HA PERSONES QUE SEMPRE TENEN GANA I ALTRES S\u2019OMPLEN DE SEGUIDA?<\/div>\t\t<\/div>\n\t\t\t\t<\/div>\n\t\t\t\t<div class=\"elementor-element elementor-element-a49b32b elementor-widget elementor-widget-text-editor\" data-id=\"a49b32b\" data-element_type=\"widget\" data-widget_type=\"text-editor.default\">\n\t\t\t\t<div class=\"elementor-widget-container\">\n\t\t\t\t\t\t\t<p>L\u2019explicaci\u00f3 est\u00e0 als nostres gens. Ells defineixen la resposta del cos davant els aliments, \u00e9s per aquest motiu que no hi ha una dieta \u00fanica per a tothom.<\/p><p>Amb aquest test rebr\u00e0 una dieta personalitzada segons el seu ADN i a m\u00e9s podr\u00e0 con\u00e8ixer:<\/p><p>&#8211; Predisposici\u00f3 gen\u00e8tica a l\u2019obesitat.<\/p><p>&#8211; Eines per poder controlar la gana i l\u2019ansietat.<\/p><p>&#8211; Tend\u00e8ncia a patir d\u00e8ficit de vitamines.<\/p><p>&#8211; Limitaci\u00f3 gen\u00e8tica a baixar de pes mitjan\u00e7ant l\u2019exercici f\u00edsic.<\/p><p>&#8211; Risc de patir Diabetis tipus II.<\/p><p>&#8211; Intoler\u00e0ncia a la Lactosa.<\/p><p>&#8211; Predisposici\u00f3 gen\u00e8tica a la Celiaquia.<\/p><p>&#8211; Llistat d\u2019aliments recomanats segons el perfil gen\u00e8tic.<\/p><p>Mitjan\u00e7ant aquest estudi gen\u00e8tic es determina la dieta individual m\u00e9s efectiva per als seus objectius amb assessorament personalitzat d\u2019un expert professional en\u00a0<span style=\"text-align: var(--text-align); letter-spacing: 0.01em;\">nutrici\u00f3 (sessi\u00f3 de 15 minuts).<\/span><\/p><p>Amb aquesta informaci\u00f3 podr\u00e0 modificar h\u00e0bits i adquirir un estil de vida m\u00e9s saludable:<\/p><p>&#8211; Tindr\u00e0 eines per mantenir un pes ideal.<\/p><p>&#8211; Coneixer\u00e0 la seva predisposici\u00f3 a tenir d\u00e8ficit de les vitamines m\u00e9s comunes i podr\u00e0 adaptar la seva dieta per tal de corregir-ho.<\/p><p>&#8211; Sabr\u00e0 com el seu cos metabolitza els greixos i els sucres, de forma que podr\u00e0 modificar no nom\u00e9s qu\u00e8 menja, sin\u00f3 tamb\u00e9 com ho menja.<\/p><p>En resum, aquest test l\u2019ajudar\u00e0 a adquirir nous h\u00e0bits alimentaris que milloraran la seva salut i faran que se senti amb m\u00e9s energia per afrontar el dia a dia.<\/p>\t\t\t\t\t\t<\/div>\n\t\t\t\t<\/div>\n\t\t\t\t<div class=\"elementor-element elementor-element-17b5412 elementor-align-center elementor-widget elementor-widget-button\" data-id=\"17b5412\" data-element_type=\"widget\" data-widget_type=\"button.default\">\n\t\t\t\t<div class=\"elementor-widget-container\">\n\t\t\t\t\t\t\t<div class=\"elementor-button-wrapper\">\n\t\t\t\t\t<a class=\"elementor-button elementor-button-link elementor-size-sm\" href=\"https:\/\/controlsalut.com\/producto\/intolerancia-alimentaria-200-alimentos\/\" target=\"_blank\">\n\t\t\t\t\t\t<span class=\"elementor-button-content-wrapper\">\n\t\t\t\t\t\t\t\t\t<span class=\"elementor-button-text\">Comprar<\/span>\n\t\t\t\t\t<\/span>\n\t\t\t\t\t<\/a>\n\t\t\t\t<\/div>\n\t\t\t\t\t\t<\/div>\n\t\t\t\t<\/div>\n\t\t\t\t<\/div>\n\t\t\t\t\t<\/div>\n\t\t\t\t<\/div>\n\t\t<div class=\"elementor-element elementor-element-eddbdb7 box_elementor elementor-hidden-desktop elementor-hidden-tablet elementor-hidden-mobile e-flex e-con-boxed e-con e-parent\" data-id=\"eddbdb7\" data-element_type=\"container\">\n\t\t\t\t\t<div class=\"e-con-inner\">\n\t\t<a class=\"elementor-element elementor-element-3a9c4b1 e-con-full e-flex e-con e-child\" data-id=\"3a9c4b1\" data-element_type=\"container\" href=\"#\">\n\t\t\t\t<\/a>\n\t\t\t\t\t<\/div>\n\t\t\t\t<\/div>\n\t\t<div class=\"elementor-element elementor-element-423b96b box_elementor elementor-hidden-desktop elementor-hidden-tablet elementor-hidden-mobile e-flex e-con-boxed e-con e-parent\" data-id=\"423b96b\" data-element_type=\"container\">\n\t\t\t\t\t<div class=\"e-con-inner\">\n\t\t<a class=\"elementor-element elementor-element-f7119d9 e-con-full e-flex e-con e-child\" data-id=\"f7119d9\" data-element_type=\"container\" href=\"#\">\n\t\t\t\t<div class=\"elementor-element elementor-element-021b8be elementor-widget elementor-widget-image\" data-id=\"021b8be\" data-element_type=\"widget\" data-widget_type=\"image.default\">\n\t\t\t\t<div class=\"elementor-widget-container\">\n\t\t\t\t\t\t\t\t\t\t\t\t\t<img decoding=\"async\" width=\"400\" height=\"267\" src=\"https:\/\/labmasdeu.com\/wp-content\/uploads\/2024\/10\/test_nutricional_r400.jpg\" class=\"attachment-full size-full wp-image-2961\" alt=\"\" srcset=\"https:\/\/labmasdeu.com\/wp-content\/uploads\/2024\/10\/test_nutricional_r400.jpg 400w, https:\/\/labmasdeu.com\/wp-content\/uploads\/2024\/10\/test_nutricional_r400-300x200.jpg 300w\" sizes=\"(max-width: 400px) 100vw, 400px\" \/>\t\t\t\t\t\t\t\t\t\t\t\t\t<\/div>\n\t\t\t\t<\/div>\n\t\t\t\t<div class=\"elementor-element elementor-element-da24151 elementor-widget elementor-widget-heading\" data-id=\"da24151\" data-element_type=\"widget\" data-widget_type=\"heading.default\">\n\t\t\t\t<div class=\"elementor-widget-container\">\n\t\t\t<div class=\"elementor-heading-title elementor-size-default\">\u00bfPOR QU\u00c9 HAY PERSONAS QUE SIEMPRE TIENEN HAMBRE Y OTRAS SE LLENAN ENSEGUIDA?\n\n<\/div>\t\t<\/div>\n\t\t\t\t<\/div>\n\t\t\t\t<div class=\"elementor-element elementor-element-41a9e4f elementor-widget elementor-widget-text-editor\" data-id=\"41a9e4f\" data-element_type=\"widget\" data-widget_type=\"text-editor.default\">\n\t\t\t\t<div class=\"elementor-widget-container\">\n\t\t\t\t\t\t\t<p>La explicaci\u00f3n est\u00e1 a nuestros genes. Ellos definen la respuesta del cuerpo ante los alimentos, es por este motivo que no hay una dieta \u00fanica para todo el mundo.<\/p><p>Amb aquest test rebr\u00e0 una dieta personalitzada segons el seu ADN i a m\u00e9s podr\u00e0 con\u00e8ixer:<\/p><p>&#8211; Predisposici\u00f3n gen\u00e9tica a la obesidad.<\/p><p>&#8211; Herramientas para poder controlar el hambre y la ansiedad.<\/p><p>&#8211; Limitaci\u00f3n gen\u00e9tica para bajar de peso mediante el ejercicio f\u00edsico.<\/p><p>&#8211; Tendencia a sufrir d\u00e9ficit de vitaminas.<\/p><p>&#8211; Riesgo de sufrir Diabetes tipo II.<\/p><p>&#8211; Intolerancia a la Lactosa.<\/p><p>&#8211; Predisposici\u00f3n gen\u00e9tica a la Celiaqu\u00eda.<\/p><p>&#8211; Listado de alimentos recomendados seg\u00fan el perfil gen\u00e9tico.<\/p><p>Adem\u00e1s, con esta informaci\u00f3n podr\u00e1 modificar h\u00e1bitos y adquirir un estilo de vida m\u00e1s saludable:<\/p><p>&#8211; Tendr\u00e1 herramientas para mantener un peso ideal.<\/p><p>&#8211; Conocer\u00e1 su predisposici\u00f3n a tener d\u00e9ficit de las vitaminas m\u00e1s comunes y podr\u00e1 adaptar su dieta para as\u00ed corregirlo.<\/p><p>&#8211; Sabr\u00e1 como su cuerpo metaboliza las grasas y los az\u00facares, de manera que, podr\u00e1 modificar no solo lo que come, sino tambi\u00e9n como lo come.<\/p><p>Indicado para:<\/p><p>&#8211; Personas que quieran perder peso de manera eficaz y saludable.<\/p><p>&#8211; Personas que quieran mejorar sus h\u00e1bitos de vida y bienestar.<\/p><p>&#8211; Personas de cualquier edad. El perfil gen\u00e9tico de cada individuo no var\u00eda a lo largo del tiempo.<\/p><p>En resumen, esta prueba le ayudar\u00e1 a adquirir nuevos h\u00e1bitos alimentarios que mejorar\u00e1n su salud y har\u00e1n que se sienta con m\u00e1s energ\u00eda para afrontar el d\u00eda a d\u00eda.<\/p>\t\t\t\t\t\t<\/div>\n\t\t\t\t<\/div>\n\t\t\t\t<\/a>\n\t\t\t\t\t<\/div>\n\t\t\t\t<\/div>\n\t\t<div class=\"elementor-element elementor-element-837d9ea e-con-full e-flex e-con e-parent\" data-id=\"837d9ea\" data-element_type=\"container\">\n\t\t\t\t<div class=\"elementor-element elementor-element-97077ca elementor-widget elementor-widget-shortcode\" data-id=\"97077ca\" data-element_type=\"widget\" data-widget_type=\"shortcode.default\">\n\t\t\t\t<div class=\"elementor-widget-container\">\n\t\t\t\t\t<div class=\"elementor-shortcode\"><\/div>\n\t\t\t\t<\/div>\n\t\t\t\t<\/div>\n\t\t\t\t<\/div>\n\t\t\t\t<\/div>","protected":false},"excerpt":{"rendered":"<p>PER QU\u00c8 HI HA PERSONES QUE SEMPRE TENEN GANA I ALTRES S\u2019OMPLEN DE SEGUIDA? L\u2019explicaci\u00f3 est\u00e0 als nostres gens. Ells defineixen la resposta del cos davant els aliments, \u00e9s per aquest motiu que no hi ha una dieta \u00fanica per [&hellip;]<\/p>","protected":false},"author":1,"featured_media":0,"parent":3517,"menu_order":0,"comment_status":"closed","ping_status":"closed","template":"full-width.php","meta":{"footnotes":""},"class_list":["post-3546","page","type-page","status-publish","hentry"],"_links":{"self":[{"href":"https:\/\/labmasdeu.com\/en\/wp-json\/wp\/v2\/pages\/3546","targetHints":{"allow":["GET"]}}],"collection":[{"href":"https:\/\/labmasdeu.com\/en\/wp-json\/wp\/v2\/pages"}],"about":[{"href":"https:\/\/labmasdeu.com\/en\/wp-json\/wp\/v2\/types\/page"}],"author":[{"embeddable":true,"href":"https:\/\/labmasdeu.com\/en\/wp-json\/wp\/v2\/users\/1"}],"replies":[{"embeddable":true,"href":"https:\/\/labmasdeu.com\/en\/wp-json\/wp\/v2\/comments?post=3546"}],"version-history":[{"count":7,"href":"https:\/\/labmasdeu.com\/en\/wp-json\/wp\/v2\/pages\/3546\/revisions"}],"predecessor-version":[{"id":3970,"href":"https:\/\/labmasdeu.com\/en\/wp-json\/wp\/v2\/pages\/3546\/revisions\/3970"}],"up":[{"embeddable":true,"href":"https:\/\/labmasdeu.com\/en\/wp-json\/wp\/v2\/pages\/3517"}],"wp:attachment":[{"href":"https:\/\/labmasdeu.com\/en\/wp-json\/wp\/v2\/media?parent=3546"}],"curies":[{"name":"wp","href":"https:\/\/api.w.org\/{rel}","templated":true}]}}