{"id":3538,"date":"2024-11-26T19:17:58","date_gmt":"2024-11-26T18:17:58","guid":{"rendered":"https:\/\/labmasdeu.com\/?page_id=3538"},"modified":"2025-12-17T12:28:35","modified_gmt":"2025-12-17T11:28:35","slug":"analisi-dmts","status":"publish","type":"page","link":"https:\/\/labmasdeu.com\/en\/proves-especials-i-tests-genetics\/analisi-dmts\/","title":{"rendered":"An\u00e0lisi d&#8217;MTS"},"content":{"rendered":"<div data-elementor-type=\"wp-page\" data-elementor-id=\"3538\" class=\"elementor elementor-3538\" data-elementor-post-type=\"page\">\n\t\t\t\t<div class=\"elementor-element elementor-element-cd67089 e-flex e-con-boxed e-con e-parent\" data-id=\"cd67089\" data-element_type=\"container\">\n\t\t\t\t\t<div class=\"e-con-inner\">\n\t\t<div class=\"elementor-element elementor-element-85899fb e-con-full e-flex e-con e-child\" data-id=\"85899fb\" data-element_type=\"container\">\n\t\t\t\t<div class=\"elementor-element elementor-element-85bc8d1 elementor-widget elementor-widget-image\" data-id=\"85bc8d1\" data-element_type=\"widget\" data-widget_type=\"image.default\">\n\t\t\t\t<div class=\"elementor-widget-container\">\n\t\t\t\t\t\t\t\t\t\t\t\t\t<img fetchpriority=\"high\" decoding=\"async\" width=\"2560\" height=\"1713\" src=\"https:\/\/labmasdeu.com\/wp-content\/uploads\/2024\/11\/shutterstock_1668196963-scaled.jpg\" class=\"attachment-full size-full wp-image-3397\" alt=\"\" srcset=\"https:\/\/labmasdeu.com\/wp-content\/uploads\/2024\/11\/shutterstock_1668196963-scaled.jpg 2560w, https:\/\/labmasdeu.com\/wp-content\/uploads\/2024\/11\/shutterstock_1668196963-300x201.jpg 300w, https:\/\/labmasdeu.com\/wp-content\/uploads\/2024\/11\/shutterstock_1668196963-1024x685.jpg 1024w, https:\/\/labmasdeu.com\/wp-content\/uploads\/2024\/11\/shutterstock_1668196963-768x514.jpg 768w, https:\/\/labmasdeu.com\/wp-content\/uploads\/2024\/11\/shutterstock_1668196963-1536x1028.jpg 1536w\" sizes=\"(max-width: 2560px) 100vw, 2560px\" \/>\t\t\t\t\t\t\t\t\t\t\t\t\t<\/div>\n\t\t\t\t<\/div>\n\t\t\t\t<div class=\"elementor-element elementor-element-34314fe elementor-widget elementor-widget-image\" data-id=\"34314fe\" data-element_type=\"widget\" data-widget_type=\"image.default\">\n\t\t\t\t<div class=\"elementor-widget-container\">\n\t\t\t\t\t\t\t\t\t\t\t\t\t<img decoding=\"async\" width=\"2560\" height=\"1707\" src=\"https:\/\/labmasdeu.com\/wp-content\/uploads\/2024\/11\/shutterstock_1290105172-scaled.jpg\" class=\"attachment-full size-full wp-image-3337\" alt=\"\" srcset=\"https:\/\/labmasdeu.com\/wp-content\/uploads\/2024\/11\/shutterstock_1290105172-scaled.jpg 2560w, https:\/\/labmasdeu.com\/wp-content\/uploads\/2024\/11\/shutterstock_1290105172-300x200.jpg 300w, https:\/\/labmasdeu.com\/wp-content\/uploads\/2024\/11\/shutterstock_1290105172-1024x683.jpg 1024w, https:\/\/labmasdeu.com\/wp-content\/uploads\/2024\/11\/shutterstock_1290105172-768x512.jpg 768w, https:\/\/labmasdeu.com\/wp-content\/uploads\/2024\/11\/shutterstock_1290105172-1536x1024.jpg 1536w\" sizes=\"(max-width: 2560px) 100vw, 2560px\" \/>\t\t\t\t\t\t\t\t\t\t\t\t\t<\/div>\n\t\t\t\t<\/div>\n\t\t\t\t<\/div>\n\t\t<div class=\"elementor-element elementor-element-067335a e-con-full e-flex e-con e-child\" data-id=\"067335a\" data-element_type=\"container\">\n\t\t\t\t<div class=\"elementor-element elementor-element-039fc73 elementor-widget elementor-widget-heading\" data-id=\"039fc73\" data-element_type=\"widget\" data-widget_type=\"heading.default\">\n\t\t\t\t<div class=\"elementor-widget-container\">\n\t\t\t<div class=\"elementor-heading-title elementor-size-default\">EVITA LA TRANSMISSI\u00d3 DE MTS<\/div>\t\t<\/div>\n\t\t\t\t<\/div>\n\t\t\t\t<div class=\"elementor-element elementor-element-11cfd00 elementor-widget elementor-widget-text-editor\" data-id=\"11cfd00\" data-element_type=\"widget\" data-widget_type=\"text-editor.default\">\n\t\t\t\t<div class=\"elementor-widget-container\">\n\t\t\t\t\t\t\t<p>Les Malalties de Transmissi\u00f3 Sexual (MTS) s\u00f3n infeccions que es propaguen principalment a trav\u00e9s de relacions sexuals, com el sexe vaginal, oral i anal. Algunes infeccions es poden propagar per contacte personal pr\u00f2xim, com els petons; o de la mare al fetus durant l&#8217;embar\u00e0s.<\/p><p>Les MTS s\u00f3n causades per bacteris, virus o par\u00e0sits.<\/p><p>Moltes d&#8217;aquestes MTS no mostren s\u00edmptomes. Per aix\u00f2, la detecci\u00f3 preco\u00e7 \u00e9s clau tant en el tractament de la malaltia com en el control del seu contagi.<\/p><p>Si no es tracten, poden causar problemes de salut a llarg termini, com ceguesa, danys cerebrals, infertilitat, defectes de naixement&#8230;<\/p><p>Oferim totes les proves m\u00e9s comunes:<\/p><p>&#8211; Tricomones.<\/p><p>&#8211; Gonorrea.<\/p><p>&#8211; Clam\u00eddies.<\/p><p>&#8211; HIV.<\/p><p>&#8211; Hepatitis C, etc.<\/p><p>Indicat per a pacients que:<\/p><p>&#8211; Han estat exposats a pat\u00f2gens de transmissi\u00f3 sexual.<\/p><p>&#8211; Presenten s\u00edmptomes.<\/p><p>&#8211; Volen descartar o confirmar una infecci\u00f3.<\/p><p>Aquest test permet confirmar o descartar Malalties de Transmissi\u00f3 Sexual (MTS) de forma confidencial, f\u00e0cil i fiable. A m\u00e9s, ajuden a rebre el tractament que necessita, evitar complicacions i a prevenir la propagaci\u00f3 de la malaltia.<\/p>\t\t\t\t\t\t<\/div>\n\t\t\t\t<\/div>\n\t\t\t\t<div class=\"elementor-element elementor-element-3b84bbd elementor-align-center elementor-widget elementor-widget-button\" data-id=\"3b84bbd\" data-element_type=\"widget\" data-widget_type=\"button.default\">\n\t\t\t\t<div class=\"elementor-widget-container\">\n\t\t\t\t\t\t\t<div class=\"elementor-button-wrapper\">\n\t\t\t\t\t<a class=\"elementor-button elementor-button-link elementor-size-sm\" href=\"https:\/\/controlsalut.com\/tienda\/salud-sexual\/\" target=\"_blank\">\n\t\t\t\t\t\t<span class=\"elementor-button-content-wrapper\">\n\t\t\t\t\t\t\t\t\t<span class=\"elementor-button-text\">Comprar<\/span>\n\t\t\t\t\t<\/span>\n\t\t\t\t\t<\/a>\n\t\t\t\t<\/div>\n\t\t\t\t\t\t<\/div>\n\t\t\t\t<\/div>\n\t\t\t\t<\/div>\n\t\t\t\t\t<\/div>\n\t\t\t\t<\/div>\n\t\t<div class=\"elementor-element elementor-element-eddbdb7 box_elementor elementor-hidden-desktop elementor-hidden-tablet elementor-hidden-mobile e-flex e-con-boxed e-con e-parent\" data-id=\"eddbdb7\" data-element_type=\"container\">\n\t\t\t\t\t<div class=\"e-con-inner\">\n\t\t<a class=\"elementor-element elementor-element-3a9c4b1 e-con-full e-flex e-con e-child\" data-id=\"3a9c4b1\" data-element_type=\"container\" href=\"#\">\n\t\t\t\t<\/a>\n\t\t\t\t\t<\/div>\n\t\t\t\t<\/div>\n\t\t<div class=\"elementor-element elementor-element-423b96b box_elementor elementor-hidden-desktop elementor-hidden-tablet elementor-hidden-mobile e-flex e-con-boxed e-con e-parent\" data-id=\"423b96b\" data-element_type=\"container\">\n\t\t\t\t\t<div class=\"e-con-inner\">\n\t\t<a class=\"elementor-element elementor-element-f7119d9 e-con-full e-flex e-con e-child\" data-id=\"f7119d9\" data-element_type=\"container\" href=\"#\">\n\t\t\t\t<div class=\"elementor-element elementor-element-021b8be elementor-widget elementor-widget-image\" data-id=\"021b8be\" data-element_type=\"widget\" data-widget_type=\"image.default\">\n\t\t\t\t<div class=\"elementor-widget-container\">\n\t\t\t\t\t\t\t\t\t\t\t\t\t<img decoding=\"async\" width=\"400\" height=\"267\" src=\"https:\/\/labmasdeu.com\/wp-content\/uploads\/2024\/10\/test_mts_r400.jpg\" class=\"attachment-full size-full wp-image-2952\" alt=\"\" srcset=\"https:\/\/labmasdeu.com\/wp-content\/uploads\/2024\/10\/test_mts_r400.jpg 400w, https:\/\/labmasdeu.com\/wp-content\/uploads\/2024\/10\/test_mts_r400-300x200.jpg 300w\" sizes=\"(max-width: 400px) 100vw, 400px\" \/>\t\t\t\t\t\t\t\t\t\t\t\t\t<\/div>\n\t\t\t\t<\/div>\n\t\t\t\t<div class=\"elementor-element elementor-element-da24151 elementor-widget elementor-widget-heading\" data-id=\"da24151\" data-element_type=\"widget\" data-widget_type=\"heading.default\">\n\t\t\t\t<div class=\"elementor-widget-container\">\n\t\t\t<div class=\"elementor-heading-title elementor-size-default\">EVITA LA TRANSMISI\u00d3N DE ETS<\/div>\t\t<\/div>\n\t\t\t\t<\/div>\n\t\t\t\t<div class=\"elementor-element elementor-element-41a9e4f elementor-widget elementor-widget-text-editor\" data-id=\"41a9e4f\" data-element_type=\"widget\" data-widget_type=\"text-editor.default\">\n\t\t\t\t<div class=\"elementor-widget-container\">\n\t\t\t\t\t\t\t<p>Las enfermedades de transmisi\u00f3n sexual (ETS) son infecciones que se propagan principalmente a trav\u00e9s de relaciones sexuales, como el sexo vaginal, oral y anal. Algunas infecciones se pueden propagar por contacto personal pr\u00f3ximo, como los besos; o de la madre al feto durante el embarazo.<\/p><p>Las ETS est\u00e1n causadas por bacterias, virus o par\u00e1sitos.<\/p><p>Muchas de estas ETS no muestran s\u00edntomas. Por eso, la detecci\u00f3n temprana es clave tanto en el tratamiento de la enfermedad como en el control de su contagio.<\/p><p>Si no se tratan, pueden causar problemas de salud a largo plazo, como ceguera, da\u00f1os cerebrales, infertilidad, defectos de nacimiento&#8230;<\/p><p>Ofrecemos todas las pruebas m\u00e1s comunes::<\/p><p>&#8211; Tricomonas.<\/p><p>&#8211; Gonorrea.<\/p><p>&#8211; Clamidias.<\/p><p>&#8211; VIH.<\/p><p>&#8211; Hepatitis C, etc.<\/p><p>Indicado para pacientes que:<\/p><p>&#8211; Han sido expuestos a pat\u00f3genos de transmisi\u00f3n sexual.<\/p><p>&#8211; Presentan s\u00edntomas.<\/p><p>&#8211; Quieren descartar o confirmar una infecci\u00f3n.<\/p><p>Esta prueba permite confirmar o descartar Enfermedades de Transmisi\u00f3n Sexual (ETS) de manera confidencial, f\u00e1cil y fiable. Adem\u00e1s, ayudan a recibir el tratamiento que necesita, evitar complicaciones y a prevenir la propagaci\u00f3n de la enfermedad.<\/p>\t\t\t\t\t\t<\/div>\n\t\t\t\t<\/div>\n\t\t\t\t<\/a>\n\t\t\t\t\t<\/div>\n\t\t\t\t<\/div>\n\t\t<div class=\"elementor-element elementor-element-837d9ea e-con-full e-flex e-con e-parent\" data-id=\"837d9ea\" data-element_type=\"container\">\n\t\t\t\t<div class=\"elementor-element elementor-element-97077ca elementor-widget elementor-widget-shortcode\" data-id=\"97077ca\" data-element_type=\"widget\" data-widget_type=\"shortcode.default\">\n\t\t\t\t<div class=\"elementor-widget-container\">\n\t\t\t\t\t<div class=\"elementor-shortcode\"><\/div>\n\t\t\t\t<\/div>\n\t\t\t\t<\/div>\n\t\t\t\t<\/div>\n\t\t\t\t<\/div>","protected":false},"excerpt":{"rendered":"<p>EVITA LA TRANSMISSI\u00d3 DE MTS Les Malalties de Transmissi\u00f3 Sexual (MTS) s\u00f3n infeccions que es propaguen principalment a trav\u00e9s de relacions sexuals, com el sexe vaginal, oral i anal. Algunes infeccions es poden propagar per contacte personal pr\u00f2xim, com els [&hellip;]<\/p>","protected":false},"author":1,"featured_media":0,"parent":3517,"menu_order":0,"comment_status":"closed","ping_status":"closed","template":"full-width.php","meta":{"footnotes":""},"class_list":["post-3538","page","type-page","status-publish","hentry"],"_links":{"self":[{"href":"https:\/\/labmasdeu.com\/en\/wp-json\/wp\/v2\/pages\/3538","targetHints":{"allow":["GET"]}}],"collection":[{"href":"https:\/\/labmasdeu.com\/en\/wp-json\/wp\/v2\/pages"}],"about":[{"href":"https:\/\/labmasdeu.com\/en\/wp-json\/wp\/v2\/types\/page"}],"author":[{"embeddable":true,"href":"https:\/\/labmasdeu.com\/en\/wp-json\/wp\/v2\/users\/1"}],"replies":[{"embeddable":true,"href":"https:\/\/labmasdeu.com\/en\/wp-json\/wp\/v2\/comments?post=3538"}],"version-history":[{"count":7,"href":"https:\/\/labmasdeu.com\/en\/wp-json\/wp\/v2\/pages\/3538\/revisions"}],"predecessor-version":[{"id":3961,"href":"https:\/\/labmasdeu.com\/en\/wp-json\/wp\/v2\/pages\/3538\/revisions\/3961"}],"up":[{"embeddable":true,"href":"https:\/\/labmasdeu.com\/en\/wp-json\/wp\/v2\/pages\/3517"}],"wp:attachment":[{"href":"https:\/\/labmasdeu.com\/en\/wp-json\/wp\/v2\/media?parent=3538"}],"curies":[{"name":"wp","href":"https:\/\/api.w.org\/{rel}","templated":true}]}}