{"id":3533,"date":"2024-11-26T19:15:04","date_gmt":"2024-11-26T18:15:04","guid":{"rendered":"https:\/\/labmasdeu.com\/?page_id=3533"},"modified":"2025-12-17T12:19:47","modified_gmt":"2025-12-17T11:19:47","slug":"test-genetic-de-celiaquia","status":"publish","type":"page","link":"https:\/\/labmasdeu.com\/en\/proves-especials-i-tests-genetics\/test-genetic-de-celiaquia\/","title":{"rendered":"Test gen\u00e8tic de celiaquia"},"content":{"rendered":"<div data-elementor-type=\"wp-page\" data-elementor-id=\"3533\" class=\"elementor elementor-3533\" data-elementor-post-type=\"page\">\n\t\t\t\t<div class=\"elementor-element elementor-element-8006db4 e-flex e-con-boxed e-con e-parent\" data-id=\"8006db4\" data-element_type=\"container\">\n\t\t\t\t\t<div class=\"e-con-inner\">\n\t\t<div class=\"elementor-element elementor-element-1ac6ae7 e-con-full e-flex e-con e-child\" data-id=\"1ac6ae7\" data-element_type=\"container\">\n\t\t\t\t<div class=\"elementor-element elementor-element-e6a878f elementor-widget elementor-widget-image\" data-id=\"e6a878f\" data-element_type=\"widget\" data-widget_type=\"image.default\">\n\t\t\t\t<div class=\"elementor-widget-container\">\n\t\t\t\t\t\t\t\t\t\t\t\t\t<img fetchpriority=\"high\" decoding=\"async\" width=\"2560\" height=\"1707\" src=\"https:\/\/labmasdeu.com\/wp-content\/uploads\/2024\/11\/shutterstock_1449136670-scaled.jpg\" class=\"attachment-full size-full wp-image-3332\" alt=\"\" srcset=\"https:\/\/labmasdeu.com\/wp-content\/uploads\/2024\/11\/shutterstock_1449136670-scaled.jpg 2560w, https:\/\/labmasdeu.com\/wp-content\/uploads\/2024\/11\/shutterstock_1449136670-300x200.jpg 300w, https:\/\/labmasdeu.com\/wp-content\/uploads\/2024\/11\/shutterstock_1449136670-1024x683.jpg 1024w, https:\/\/labmasdeu.com\/wp-content\/uploads\/2024\/11\/shutterstock_1449136670-768x512.jpg 768w, https:\/\/labmasdeu.com\/wp-content\/uploads\/2024\/11\/shutterstock_1449136670-1536x1024.jpg 1536w\" sizes=\"(max-width: 2560px) 100vw, 2560px\" \/>\t\t\t\t\t\t\t\t\t\t\t\t\t<\/div>\n\t\t\t\t<\/div>\n\t\t\t\t<div class=\"elementor-element elementor-element-23f484b elementor-widget elementor-widget-image\" data-id=\"23f484b\" data-element_type=\"widget\" data-widget_type=\"image.default\">\n\t\t\t\t<div class=\"elementor-widget-container\">\n\t\t\t\t\t\t\t\t\t\t\t\t\t<img decoding=\"async\" width=\"2560\" height=\"1707\" src=\"https:\/\/labmasdeu.com\/wp-content\/uploads\/2024\/11\/shutterstock_2207393559-scaled.jpg\" class=\"attachment-full size-full wp-image-3333\" alt=\"\" srcset=\"https:\/\/labmasdeu.com\/wp-content\/uploads\/2024\/11\/shutterstock_2207393559-scaled.jpg 2560w, https:\/\/labmasdeu.com\/wp-content\/uploads\/2024\/11\/shutterstock_2207393559-300x200.jpg 300w, https:\/\/labmasdeu.com\/wp-content\/uploads\/2024\/11\/shutterstock_2207393559-1024x683.jpg 1024w, https:\/\/labmasdeu.com\/wp-content\/uploads\/2024\/11\/shutterstock_2207393559-768x512.jpg 768w, https:\/\/labmasdeu.com\/wp-content\/uploads\/2024\/11\/shutterstock_2207393559-1536x1024.jpg 1536w\" sizes=\"(max-width: 2560px) 100vw, 2560px\" \/>\t\t\t\t\t\t\t\t\t\t\t\t\t<\/div>\n\t\t\t\t<\/div>\n\t\t\t\t<\/div>\n\t\t<div class=\"elementor-element elementor-element-e1fb054 e-con-full e-flex e-con e-child\" data-id=\"e1fb054\" data-element_type=\"container\">\n\t\t\t\t<div class=\"elementor-element elementor-element-ff2a2b1 elementor-widget elementor-widget-heading\" data-id=\"ff2a2b1\" data-element_type=\"widget\" data-widget_type=\"heading.default\">\n\t\t\t\t<div class=\"elementor-widget-container\">\n\t\t\t<div class=\"elementor-heading-title elementor-size-default\">QUAN MENGES PASTA O PA NOTES QUE NO ET SENTA B\u00c9?<\/div>\t\t<\/div>\n\t\t\t\t<\/div>\n\t\t\t\t<div class=\"elementor-element elementor-element-55691fa elementor-widget elementor-widget-text-editor\" data-id=\"55691fa\" data-element_type=\"widget\" data-widget_type=\"text-editor.default\">\n\t\t\t\t<div class=\"elementor-widget-container\">\n\t\t\t\t\t\t\t<p>La Celiaquia \u00e9s una malaltia autoimmune sist\u00e8mica relacionada amb l\u2019exposici\u00f3 al gluten (prote\u00efna present als cereals) en persones gen\u00e8ticament susceptibles.<\/p><p>S\u2019estima que entre un 1% i un 2% de la poblaci\u00f3 europea pateix en cert grau la malaltia, i aquesta pot ser diagnosticada a qualsevol edat. El desenvolupament de la ind\u00fastria aliment\u00e0ria i els nous h\u00e0bits fan que el nombre de diagn\u00f2stics hagi augmentat els \u00faltims anys.<\/p><p>La base de la malaltia \u00e9s l\u2019atac del sistema immune propi contra la mucosa intestinal i la seva conseq\u00fcent destrucci\u00f3. El primer s\u00edmptoma \u00e9s la mala absorci\u00f3 de nutrients, per\u00f2 si la malaltia evoluciona solen apar\u00e8ixer complicacions greus no intestinals (neurol\u00f2giques, cut\u00e0nies, hep\u00e0tiques&#8230;):<\/p><p>&#8211; Diarrea o estrenyiment.<\/p><p>&#8211; Distensi\u00f3 abdominal i gasos.<\/p><p>&#8211; Dolor abdominal, n\u00e0usees i v\u00f2mits.<\/p><p>&#8211; Apatia i cansament.<\/p><p>&#8211; P\u00e8rdua de pes.<\/p><p>&#8211; An\u00e8mia.<\/p><p>&#8211; P\u00e8rdua de massa \u00f2ssia i dolors articulars.<\/p><p>&#8211; Mal de cap i s\u00edmptomes neurol\u00f2gics(formigueig, entumiment, irritabilitat, confusi\u00f3&#8230;)<\/p><p>&#8211; Erupcions a la pell.<\/p><p>M\u00e9s del 90% dels cel\u00edacs tenen uns determinats haplotips (conjunt de gens que s\u2019hereten junts) que es relacionen directament amb el mecanisme cel\u00b7lular que provoca la malaltia, i que s\u00f3n els que predisposen l\u2019individu a desenvolupar-la.<\/p><p>Aquests marcadors gen\u00e8tics s\u00f3n: HLA DQ2 i HLA DQ8.<\/p><p>Amb aquest test podr\u00e0 saber el seu risc de desenvolupar la malaltia.<\/p><p>Avantatges:<\/p><p>&#8211; Detecci\u00f3 preco\u00e7.<\/p><p>&#8211; Apte per a nadons i nens.<\/p><p>&#8211; Amb una mostra de saliva.<\/p><p>&#8211; Alta sensibilitat.<\/p>\t\t\t\t\t\t<\/div>\n\t\t\t\t<\/div>\n\t\t\t\t<div class=\"elementor-element elementor-element-f4e11a7 elementor-align-center elementor-widget elementor-widget-button\" data-id=\"f4e11a7\" data-element_type=\"widget\" data-widget_type=\"button.default\">\n\t\t\t\t<div class=\"elementor-widget-container\">\n\t\t\t\t\t\t\t<div class=\"elementor-button-wrapper\">\n\t\t\t\t\t<a class=\"elementor-button elementor-button-link elementor-size-sm\" href=\"https:\/\/controlsalut.com\/producto\/test-genetico-celiaquia\/\" target=\"_blank\">\n\t\t\t\t\t\t<span class=\"elementor-button-content-wrapper\">\n\t\t\t\t\t\t\t\t\t<span class=\"elementor-button-text\">Comprar<\/span>\n\t\t\t\t\t<\/span>\n\t\t\t\t\t<\/a>\n\t\t\t\t<\/div>\n\t\t\t\t\t\t<\/div>\n\t\t\t\t<\/div>\n\t\t\t\t<\/div>\n\t\t\t\t\t<\/div>\n\t\t\t\t<\/div>\n\t\t<div class=\"elementor-element elementor-element-eddbdb7 box_elementor elementor-hidden-desktop elementor-hidden-tablet elementor-hidden-mobile e-flex e-con-boxed e-con e-parent\" data-id=\"eddbdb7\" data-element_type=\"container\">\n\t\t\t\t\t<div class=\"e-con-inner\">\n\t\t<a class=\"elementor-element elementor-element-3a9c4b1 e-con-full e-flex e-con e-child\" data-id=\"3a9c4b1\" data-element_type=\"container\" href=\"#\">\n\t\t\t\t<\/a>\n\t\t\t\t\t<\/div>\n\t\t\t\t<\/div>\n\t\t<div class=\"elementor-element elementor-element-423b96b box_elementor elementor-hidden-desktop elementor-hidden-tablet elementor-hidden-mobile e-flex e-con-boxed e-con e-parent\" data-id=\"423b96b\" data-element_type=\"container\">\n\t\t\t\t\t<div class=\"e-con-inner\">\n\t\t<a class=\"elementor-element elementor-element-f7119d9 e-con-full e-flex e-con e-child\" data-id=\"f7119d9\" data-element_type=\"container\" href=\"#\">\n\t\t\t\t<div class=\"elementor-element elementor-element-021b8be elementor-widget elementor-widget-image\" data-id=\"021b8be\" data-element_type=\"widget\" data-widget_type=\"image.default\">\n\t\t\t\t<div class=\"elementor-widget-container\">\n\t\t\t\t\t\t\t\t\t\t\t\t\t<img decoding=\"async\" width=\"400\" height=\"267\" src=\"https:\/\/labmasdeu.com\/wp-content\/uploads\/2024\/10\/test_celiaquia_r400.jpg\" class=\"attachment-full size-full wp-image-2934\" alt=\"\" srcset=\"https:\/\/labmasdeu.com\/wp-content\/uploads\/2024\/10\/test_celiaquia_r400.jpg 400w, https:\/\/labmasdeu.com\/wp-content\/uploads\/2024\/10\/test_celiaquia_r400-300x200.jpg 300w\" sizes=\"(max-width: 400px) 100vw, 400px\" \/>\t\t\t\t\t\t\t\t\t\t\t\t\t<\/div>\n\t\t\t\t<\/div>\n\t\t\t\t<div class=\"elementor-element elementor-element-b5dada1 elementor-widget elementor-widget-heading\" data-id=\"b5dada1\" data-element_type=\"widget\" data-widget_type=\"heading.default\">\n\t\t\t\t<div class=\"elementor-widget-container\">\n\t\t\t<div class=\"elementor-heading-title elementor-size-default\">\u00bfCU\u00c1NDO COMES PASTA O PAN, NOTAS QUE NO TE SIENTA BIEN?<\/div>\t\t<\/div>\n\t\t\t\t<\/div>\n\t\t\t\t<div class=\"elementor-element elementor-element-41a9e4f elementor-widget elementor-widget-text-editor\" data-id=\"41a9e4f\" data-element_type=\"widget\" data-widget_type=\"text-editor.default\">\n\t\t\t\t<div class=\"elementor-widget-container\">\n\t\t\t\t\t\t\t<p>La Celiaqu\u00eda es una enfermedad autoinmune sist\u00e9mica relacionada con la exposici\u00f3n al gluten (prote\u00edna presente en los cereales) en personas gen\u00e9ticamente susceptibles.<\/p><p>Se estima que entre un 1% y un 2% de la poblaci\u00f3n europea sufre en cierto grado la enfermedad, y esta puede ser diagnosticada a cualquier edad. El desarrollo de la industria alimentaria y los nuevos h\u00e1bitos hacen que el n\u00famero de diagn\u00f3sticos haya aumentado los \u00faltimos a\u00f1os.<\/p><p>La base de la enfermedad es el ataque del sistema inmune propio contra la mucosa intestinal y su consecuente destrucci\u00f3n. El primer s\u00edntoma es la mala absorci\u00f3n de nutrientes, pero si la enfermedad evoluciona suelen aparecer complicaciones graves no intestinales (neurol\u00f3gicas, cut\u00e1neas, hep\u00e1ticas&#8230;):<\/p><p>&#8211; Diarrea o estre\u00f1imiento.<\/p><p>&#8211; Distensi\u00f3n abdominal y gases.<\/p><p>&#8211; Dolor abdominal, n\u00e1useas y v\u00f3mitos.<\/p><p>&#8211; Apat\u00eda y cansancio.<\/p><p>&#8211; P\u00e9rdida de peso.<\/p><p>&#8211; Anemia.<\/p><p>&#8211; P\u00e9rdida de masa \u00f3sea y dolores articulares.<\/p><p>&#8211; Dolor de cabeza y s\u00edntomas neurol\u00f3gicos (hormigueo, entumecimiento, irritabilidad, confusi\u00f3n&#8230;)<\/p><p>&#8211; Erupciones en la piel.<\/p><p>M\u00e1s del 90% de los celiacos tienen unos determinados haplotipos (conjunto de genes que se heredan juntos) que se relacionan directamente con el mecanismo celular que provoca la enfermedad, y que son los que predisponen el individuo a desarrollarla.<\/p><p>Estos marcadores gen\u00e9ticos son: HLA DQ2 y HLA DQ8.<\/p><p>Con este test podr\u00e1s detectar tu predisposici\u00f3n gen\u00e9tica a desarrollar la enfermedad.<\/p><p>Ventajas:<\/p><p>&#8211; Detecci\u00f3n temprana.<\/p><p>&#8211; Apto para beb\u00e9s y ni\u00f1os.<\/p><p>&#8211; Con solo una muestra de saliva.<\/p><p>&#8211; Alta sensibilidad.<\/p>\t\t\t\t\t\t<\/div>\n\t\t\t\t<\/div>\n\t\t\t\t<\/a>\n\t\t\t\t\t<\/div>\n\t\t\t\t<\/div>\n\t\t<div class=\"elementor-element elementor-element-837d9ea e-con-full e-flex e-con e-parent\" data-id=\"837d9ea\" data-element_type=\"container\">\n\t\t\t\t<div class=\"elementor-element elementor-element-97077ca elementor-widget elementor-widget-shortcode\" data-id=\"97077ca\" data-element_type=\"widget\" data-widget_type=\"shortcode.default\">\n\t\t\t\t<div class=\"elementor-widget-container\">\n\t\t\t\t\t<div class=\"elementor-shortcode\"><\/div>\n\t\t\t\t<\/div>\n\t\t\t\t<\/div>\n\t\t\t\t<\/div>\n\t\t\t\t<\/div>","protected":false},"excerpt":{"rendered":"<p>QUAN MENGES PASTA O PA NOTES QUE NO ET SENTA B\u00c9? La Celiaquia \u00e9s una malaltia autoimmune sist\u00e8mica relacionada amb l\u2019exposici\u00f3 al gluten (prote\u00efna present als cereals) en persones gen\u00e8ticament susceptibles. S\u2019estima que entre un 1% i un 2% de [&hellip;]<\/p>","protected":false},"author":1,"featured_media":0,"parent":3517,"menu_order":0,"comment_status":"closed","ping_status":"closed","template":"full-width.php","meta":{"footnotes":""},"class_list":["post-3533","page","type-page","status-publish","hentry"],"_links":{"self":[{"href":"https:\/\/labmasdeu.com\/en\/wp-json\/wp\/v2\/pages\/3533","targetHints":{"allow":["GET"]}}],"collection":[{"href":"https:\/\/labmasdeu.com\/en\/wp-json\/wp\/v2\/pages"}],"about":[{"href":"https:\/\/labmasdeu.com\/en\/wp-json\/wp\/v2\/types\/page"}],"author":[{"embeddable":true,"href":"https:\/\/labmasdeu.com\/en\/wp-json\/wp\/v2\/users\/1"}],"replies":[{"embeddable":true,"href":"https:\/\/labmasdeu.com\/en\/wp-json\/wp\/v2\/comments?post=3533"}],"version-history":[{"count":7,"href":"https:\/\/labmasdeu.com\/en\/wp-json\/wp\/v2\/pages\/3533\/revisions"}],"predecessor-version":[{"id":3948,"href":"https:\/\/labmasdeu.com\/en\/wp-json\/wp\/v2\/pages\/3533\/revisions\/3948"}],"up":[{"embeddable":true,"href":"https:\/\/labmasdeu.com\/en\/wp-json\/wp\/v2\/pages\/3517"}],"wp:attachment":[{"href":"https:\/\/labmasdeu.com\/en\/wp-json\/wp\/v2\/media?parent=3533"}],"curies":[{"name":"wp","href":"https:\/\/api.w.org\/{rel}","templated":true}]}}