{"id":3527,"date":"2024-11-26T19:11:07","date_gmt":"2024-11-26T18:11:07","guid":{"rendered":"https:\/\/labmasdeu.com\/?page_id=3527"},"modified":"2025-12-17T12:14:20","modified_gmt":"2025-12-17T11:14:20","slug":"test-genetic-esportiu","status":"publish","type":"page","link":"https:\/\/labmasdeu.com\/en\/proves-especials-i-tests-genetics\/test-genetic-esportiu\/","title":{"rendered":"Test gen\u00e8tic esportiu"},"content":{"rendered":"<div data-elementor-type=\"wp-page\" data-elementor-id=\"3527\" class=\"elementor elementor-3527\" data-elementor-post-type=\"page\">\n\t\t\t\t<div class=\"elementor-element elementor-element-f50d22c e-flex e-con-boxed e-con e-parent\" data-id=\"f50d22c\" data-element_type=\"container\">\n\t\t\t\t\t<div class=\"e-con-inner\">\n\t\t<div class=\"elementor-element elementor-element-6cea6d3 e-con-full e-flex e-con e-child\" data-id=\"6cea6d3\" data-element_type=\"container\">\n\t\t\t\t<div class=\"elementor-element elementor-element-8d015df elementor-widget elementor-widget-image\" data-id=\"8d015df\" data-element_type=\"widget\" data-widget_type=\"image.default\">\n\t\t\t\t<div class=\"elementor-widget-container\">\n\t\t\t\t\t\t\t\t\t\t\t\t\t<img fetchpriority=\"high\" decoding=\"async\" width=\"2560\" height=\"1707\" src=\"https:\/\/labmasdeu.com\/wp-content\/uploads\/2024\/11\/shutterstock_2228571265-scaled.jpg\" class=\"attachment-full size-full wp-image-3326\" alt=\"\" srcset=\"https:\/\/labmasdeu.com\/wp-content\/uploads\/2024\/11\/shutterstock_2228571265-scaled.jpg 2560w, https:\/\/labmasdeu.com\/wp-content\/uploads\/2024\/11\/shutterstock_2228571265-300x200.jpg 300w, https:\/\/labmasdeu.com\/wp-content\/uploads\/2024\/11\/shutterstock_2228571265-1024x683.jpg 1024w, https:\/\/labmasdeu.com\/wp-content\/uploads\/2024\/11\/shutterstock_2228571265-768x512.jpg 768w, https:\/\/labmasdeu.com\/wp-content\/uploads\/2024\/11\/shutterstock_2228571265-1536x1024.jpg 1536w\" sizes=\"(max-width: 2560px) 100vw, 2560px\" \/>\t\t\t\t\t\t\t\t\t\t\t\t\t<\/div>\n\t\t\t\t<\/div>\n\t\t\t\t<div class=\"elementor-element elementor-element-4431aab elementor-widget elementor-widget-image\" data-id=\"4431aab\" data-element_type=\"widget\" data-widget_type=\"image.default\">\n\t\t\t\t<div class=\"elementor-widget-container\">\n\t\t\t\t\t\t\t\t\t\t\t\t\t<img decoding=\"async\" width=\"2560\" height=\"1708\" src=\"https:\/\/labmasdeu.com\/wp-content\/uploads\/2024\/11\/shutterstock_2490862775-scaled.jpg\" class=\"attachment-full size-full wp-image-3327\" alt=\"\" srcset=\"https:\/\/labmasdeu.com\/wp-content\/uploads\/2024\/11\/shutterstock_2490862775-scaled.jpg 2560w, https:\/\/labmasdeu.com\/wp-content\/uploads\/2024\/11\/shutterstock_2490862775-300x200.jpg 300w, https:\/\/labmasdeu.com\/wp-content\/uploads\/2024\/11\/shutterstock_2490862775-1024x683.jpg 1024w, https:\/\/labmasdeu.com\/wp-content\/uploads\/2024\/11\/shutterstock_2490862775-768x512.jpg 768w, https:\/\/labmasdeu.com\/wp-content\/uploads\/2024\/11\/shutterstock_2490862775-1536x1025.jpg 1536w\" sizes=\"(max-width: 2560px) 100vw, 2560px\" \/>\t\t\t\t\t\t\t\t\t\t\t\t\t<\/div>\n\t\t\t\t<\/div>\n\t\t\t\t<\/div>\n\t\t<div class=\"elementor-element elementor-element-0443b13 e-con-full e-flex e-con e-child\" data-id=\"0443b13\" data-element_type=\"container\">\n\t\t\t\t<div class=\"elementor-element elementor-element-30e1311 elementor-widget elementor-widget-text-editor\" data-id=\"30e1311\" data-element_type=\"widget\" data-widget_type=\"text-editor.default\">\n\t\t\t\t<div class=\"elementor-widget-container\">\n\t\t\t\t\t\t\t<p>Millorar el seu rendiment esportiu no nom\u00e9s \u00e9s q\u00fcesti\u00f3 d\u2019augmentar les hores d\u2019entrenament, cal fer-ho de forma intel\u00b7ligent i, con\u00e8ixer la seva gen\u00e8tica \u00e9s el millor punt de partida.<\/p><p>Aquest test ajudar\u00e0 als practicants de fitness, musculaci\u00f3 i esportistes d\u2019alt rendiment a entendre els diferents factors gen\u00e8tics relacionats amb l\u2019esport.<\/p><p>&#8211; Perfil gen\u00e8tic muscular i tipus de fibra muscular.<\/p><p>&#8211; Capacitat aer\u00f2bica.<\/p><p>&#8211; Efici\u00e8ncia en exercicis de for\u00e7a o en exercicis de resist\u00e8ncia.<\/p><p>&#8211; For\u00e7a del m\u00fascul esquel\u00e8tic.<\/p><p>&#8211; Gen\u00e8tica de les lesions, risc de lesi\u00f3 del tend\u00f3 d\u2019Aquil\u00b7les i lesions d\u2019espatlla.<\/p><p>&#8211; Osteoartritis.<\/p><p>&#8211; Resposta muscular post exercici.<\/p><p>&#8211; Fatiga muscular.<\/p><p>&#8211; Rampes musculars.<\/p><p>&#8211; Recuperaci\u00f3 de la freq\u00fc\u00e8ncia card\u00edaca.<\/p><p>&#8211; Aspectes psicol\u00f2gics relacionats amb l\u2019esport.<\/p><p>&#8211; Durada dels per\u00edodes de son.<\/p><p>&#8211; Resposta a l\u2019estr\u00e8s.<\/p><p>&#8211; Metabolisme de micronutrients, minerals (Cu\/Se\/Zn\/Fe), vitamines (A\/B9\/D) i de la cafe\u00efna.<\/p><p>Indicat per a:<\/p><p>\u2013 Persones esportistes de qualsevol nivell.<\/p><p>\u2013 Persones que es vulguin protegir davant de lesions.<\/p><p>\u2013 Persones que vulguin obtenir resultats de for\u00e7a muscular, tonificaci\u00f3 o aprimar-se.<\/p><p>\u2013 Persones amb h\u00e0bits saludables que es vulguin mantenir en forma.<\/p>\t\t\t\t\t\t<\/div>\n\t\t\t\t<\/div>\n\t\t\t\t<div class=\"elementor-element elementor-element-ac33442 elementor-align-center elementor-widget elementor-widget-button\" data-id=\"ac33442\" data-element_type=\"widget\" data-widget_type=\"button.default\">\n\t\t\t\t<div class=\"elementor-widget-container\">\n\t\t\t\t\t\t\t<div class=\"elementor-button-wrapper\">\n\t\t\t\t\t<a class=\"elementor-button elementor-button-link elementor-size-sm\" href=\"http:\/\/controlsalut.com\/\" target=\"_blank\">\n\t\t\t\t\t\t<span class=\"elementor-button-content-wrapper\">\n\t\t\t\t\t\t\t\t\t<span class=\"elementor-button-text\">Comprar<\/span>\n\t\t\t\t\t<\/span>\n\t\t\t\t\t<\/a>\n\t\t\t\t<\/div>\n\t\t\t\t\t\t<\/div>\n\t\t\t\t<\/div>\n\t\t\t\t<\/div>\n\t\t\t\t\t<\/div>\n\t\t\t\t<\/div>\n\t\t<div class=\"elementor-element elementor-element-eddbdb7 box_elementor elementor-hidden-desktop elementor-hidden-tablet elementor-hidden-mobile e-flex e-con-boxed e-con e-parent\" data-id=\"eddbdb7\" data-element_type=\"container\">\n\t\t\t\t\t<div class=\"e-con-inner\">\n\t\t<a class=\"elementor-element elementor-element-3a9c4b1 e-con-full e-flex e-con e-child\" data-id=\"3a9c4b1\" data-element_type=\"container\" href=\"#\">\n\t\t\t\t<\/a>\n\t\t\t\t\t<\/div>\n\t\t\t\t<\/div>\n\t\t<div class=\"elementor-element elementor-element-423b96b box_elementor elementor-hidden-desktop elementor-hidden-tablet elementor-hidden-mobile e-flex e-con-boxed e-con e-parent\" data-id=\"423b96b\" data-element_type=\"container\">\n\t\t\t\t\t<div class=\"e-con-inner\">\n\t\t<a class=\"elementor-element elementor-element-f7119d9 e-con-full e-flex e-con e-child\" data-id=\"f7119d9\" data-element_type=\"container\" href=\"#\">\n\t\t\t\t<div class=\"elementor-element elementor-element-021b8be elementor-widget elementor-widget-image\" data-id=\"021b8be\" data-element_type=\"widget\" data-widget_type=\"image.default\">\n\t\t\t\t<div class=\"elementor-widget-container\">\n\t\t\t\t\t\t\t\t\t\t\t\t\t<img decoding=\"async\" width=\"1300\" height=\"706\" src=\"https:\/\/labmasdeu.com\/wp-content\/uploads\/2018\/01\/blog-stanard-img-3.jpg\" class=\"attachment-full size-full wp-image-630\" alt=\"a\" srcset=\"https:\/\/labmasdeu.com\/wp-content\/uploads\/2018\/01\/blog-stanard-img-3.jpg 1300w, https:\/\/labmasdeu.com\/wp-content\/uploads\/2018\/01\/blog-stanard-img-3-300x163.jpg 300w, https:\/\/labmasdeu.com\/wp-content\/uploads\/2018\/01\/blog-stanard-img-3-1024x556.jpg 1024w, https:\/\/labmasdeu.com\/wp-content\/uploads\/2018\/01\/blog-stanard-img-3-768x417.jpg 768w\" sizes=\"(max-width: 1300px) 100vw, 1300px\" \/>\t\t\t\t\t\t\t\t\t\t\t\t\t<\/div>\n\t\t\t\t<\/div>\n\t\t\t\t<div class=\"elementor-element elementor-element-41a9e4f elementor-widget elementor-widget-text-editor\" data-id=\"41a9e4f\" data-element_type=\"widget\" data-widget_type=\"text-editor.default\">\n\t\t\t\t<div class=\"elementor-widget-container\">\n\t\t\t\t\t\t\t<p>Mejorar su rendimiento deportivo no solo es cuesti\u00f3n de aumentar las horas de entrenamiento, hay que hacerlo de manera inteligente y, conocer su gen\u00e9tica es el mejor punto de partida.<\/p><p>Este test ayuda a entender los diferentes factores gen\u00e9ticos relacionados con el deporte..<\/p><p>&#8211; Perfil gen\u00e9tico muscular y tipo de fibra muscular.<\/p><p>&#8211; Capacidad aer\u00f3bica.<\/p><p>&#8211; Eficiencia en ejercicios de fuerza oen ejercicios de resistencia.<\/p><p>&#8211; Fuerza del m\u00fasculo esquel\u00e9tico.<\/p><p>&#8211; Gen\u00e9tica de las lesiones, riesgo de lesi\u00f3n del tend\u00f3n de Aquiles y lesiones de espalda.<\/p><p>&#8211; Osteoartritis.<\/p><p>&#8211; Respuesta muscular post-ejercicio.<\/p><p>&#8211; Fatiga muscular.<\/p><p>&#8211; Rampas musculares.<\/p><p>&#8211; Recuperaci\u00f3n de la frecuencia card\u00edaca.<\/p><p>&#8211; Aspectos psicol\u00f3gicos relacionados con el deporte.<\/p><p>&#8211; Duraci\u00f3n de los periodos de sue\u00f1o.<\/p><p>&#8211; Respuesta al estr\u00e9s.<\/p><p>&#8211; Metabolismo de micronutrientes, minerales (Cu\/Se\/Zn\/Fe), vitaminas (A\/B9\/D) y de la cafe\u00edna.<\/p><p>Indicado para:<\/p><p>&#8211; Personas deportistas de cualquier nivel.<\/p><p>&#8211; Personas que quieran protegerse ante lesiones.<\/p><p>&#8211; Personas que quieran obtener resultados de fuerza muscular, tonificaci\u00f3n o adelgazarse.<\/p><p>&#8211; Personas con h\u00e1bitos saludables que quieran mantenerse en forma.<\/p>\t\t\t\t\t\t<\/div>\n\t\t\t\t<\/div>\n\t\t\t\t<\/a>\n\t\t\t\t\t<\/div>\n\t\t\t\t<\/div>\n\t\t<div class=\"elementor-element elementor-element-837d9ea e-con-full e-flex e-con e-parent\" data-id=\"837d9ea\" data-element_type=\"container\">\n\t\t\t\t<div class=\"elementor-element elementor-element-97077ca elementor-widget elementor-widget-shortcode\" data-id=\"97077ca\" data-element_type=\"widget\" data-widget_type=\"shortcode.default\">\n\t\t\t\t<div class=\"elementor-widget-container\">\n\t\t\t\t\t<div class=\"elementor-shortcode\"><\/div>\n\t\t\t\t<\/div>\n\t\t\t\t<\/div>\n\t\t\t\t<\/div>\n\t\t<div class=\"elementor-element elementor-element-16c9bfd e-flex e-con-boxed e-con e-parent\" data-id=\"16c9bfd\" data-element_type=\"container\">\n\t\t\t\t\t<div class=\"e-con-inner\">\n\t\t\t\t\t<\/div>\n\t\t\t\t<\/div>\n\t\t\t\t<\/div>","protected":false},"excerpt":{"rendered":"<p>Millorar el seu rendiment esportiu no nom\u00e9s \u00e9s q\u00fcesti\u00f3 d\u2019augmentar les hores d\u2019entrenament, cal fer-ho de forma intel\u00b7ligent i, con\u00e8ixer la seva gen\u00e8tica \u00e9s el millor punt de partida. Aquest test ajudar\u00e0 als practicants de fitness, musculaci\u00f3 i esportistes d\u2019alt [&hellip;]<\/p>","protected":false},"author":1,"featured_media":0,"parent":3517,"menu_order":0,"comment_status":"closed","ping_status":"closed","template":"full-width.php","meta":{"footnotes":""},"class_list":["post-3527","page","type-page","status-publish","hentry"],"_links":{"self":[{"href":"https:\/\/labmasdeu.com\/en\/wp-json\/wp\/v2\/pages\/3527","targetHints":{"allow":["GET"]}}],"collection":[{"href":"https:\/\/labmasdeu.com\/en\/wp-json\/wp\/v2\/pages"}],"about":[{"href":"https:\/\/labmasdeu.com\/en\/wp-json\/wp\/v2\/types\/page"}],"author":[{"embeddable":true,"href":"https:\/\/labmasdeu.com\/en\/wp-json\/wp\/v2\/users\/1"}],"replies":[{"embeddable":true,"href":"https:\/\/labmasdeu.com\/en\/wp-json\/wp\/v2\/comments?post=3527"}],"version-history":[{"count":7,"href":"https:\/\/labmasdeu.com\/en\/wp-json\/wp\/v2\/pages\/3527\/revisions"}],"predecessor-version":[{"id":3934,"href":"https:\/\/labmasdeu.com\/en\/wp-json\/wp\/v2\/pages\/3527\/revisions\/3934"}],"up":[{"embeddable":true,"href":"https:\/\/labmasdeu.com\/en\/wp-json\/wp\/v2\/pages\/3517"}],"wp:attachment":[{"href":"https:\/\/labmasdeu.com\/en\/wp-json\/wp\/v2\/media?parent=3527"}],"curies":[{"name":"wp","href":"https:\/\/api.w.org\/{rel}","templated":true}]}}